{"id":1372,"date":"2024-07-15T14:59:12","date_gmt":"2024-07-15T12:59:12","guid":{"rendered":"https:\/\/www.kwabo.nl\/productgroep-bijbehorende-producten\/"},"modified":"2025-02-27T08:20:15","modified_gmt":"2025-02-27T07:20:15","slug":"zubehoer","status":"publish","type":"page","link":"https:\/\/www.kwabo.nl\/de\/zubehoer\/","title":{"rendered":"Produktgruppe Zubeh\u00f6r"},"content":{"rendered":"\n<div class=\"block trigger-in-view block-image-text no-background parallax\" data-name=\"Image &#038; Text\" id=\"block_59fa2a2070f8193133d51cac2a050cf9\">\n    <div class=\"image-text container\">\n            <div class=\"image-wrapper\">\n\n                            <div class=\"image image-single\">\n                            <picture>\n            <source media=\"(max-width:600px)\" srcset=\"https:\/\/www.kwabo.nl\/wp-content\/uploads\/2024\/06\/Laag-1-1-800x875.jpg\">\n            <img loading=\"lazy\" decoding=\"async\"\n                src=\"https:\/\/www.kwabo.nl\/wp-content\/uploads\/2024\/06\/Laag-1-1-1200x1312.jpg\"\n                width=\"800\"\n                height=\"875\"\n                alt=\"strongcover afdekvlies\"\n                class=\"\"\n            \/>\n        <\/picture>\n                    <\/div>\n            \n            \n            \n        <\/div>\n    \n    <div class=\"text-wrapper\">\n        <h2 class=\"title fade-in\">\u00dcber Multi Cutter und Klebeband<\/h2>\n        <div class=\"text fade-in\"><p><span style=\"font-weight: 400;\">Kwabo bietet Zusatzprodukte, wie z.B. den Multicutter und mehrere Klebebandvarianten zur effizienten und sicheren Befestigung unserer nicht-selbstklebenden Qualtiy Covers. Der Multicutter steht f\u00fcr Genauigkeit und Geschwindigkeit beim Zuschneiden von beispielsweise Top Coat, Abdeckvlies und Milcht\u00fctenpapier. Unsere Klebeb\u00e4nder spielen eine wesentliche Rolle bei den letzten Vorarbeiten zur Realisierung eines sicheren Arbeitsuntergrunds.<\/span><\/p>\n<\/div>\n        \n                \n        \n            <\/div>\n\n   \n  \n   \n<\/div>\n\n           <\/div>\n\n\n<div class=\"block block-related-products three-columns no-background\" data-name=\"Related products\" id=\"block_b449b6af8c75d4261c4bfeee34189a8d\">\n    \n<div class=\"related-products trigger-in-view-later\">\n    <div class=\"container\">\n                    <h3 class=\"title fade-in\">Zubeh\u00f6r<\/h2>\n        \n        <div class=\"swiper-container related-products-swiper\">\n            <div class=\"swiper-wrapper\">\n                                    <div class=\"swiper-slide\">\n                        \n<a class=\"card-product card-product-animated\" href=\"https:\/\/www.kwabo.nl\/de\/product\/multi-cutter\/\">\n    <div class=\"image figure-animated-down\" style=\"--delay: 0.5s\" data-key=\"\">\n        <div class=\"figure-outer\">\n            <div class=\"figure-inner\">\n                                            <picture>\n            <source media=\"(max-width:600px)\" srcset=\"https:\/\/www.kwabo.nl\/wp-content\/uploads\/2024\/05\/Multi_Cutter-1-800x571.jpg\">\n            <img loading=\"lazy\" decoding=\"async\"\n                src=\"https:\/\/www.kwabo.nl\/wp-content\/uploads\/2024\/05\/Multi_Cutter-1-1200x857.jpg\"\n                width=\"800\"\n                height=\"571\"\n                alt=\"multi cutter\"\n                class=\"\"\n            \/>\n        <\/picture>\n                                <\/div>\n        <\/div>\n    <\/div>\n    <span class=\"card-title\">Multi Cutter<\/span>\n            <p class=\"text\">Der Multi Cutter ist besonders geeignet f\u00fcr den Einsatz in beengten Verh\u00e4ltnissen. Dank der schmal&#8230;<\/p>\n    <\/a>                    <\/div>\n                                    <div class=\"swiper-slide\">\n                        \n<a class=\"card-product card-product-animated\" href=\"https:\/\/www.kwabo.nl\/de\/product\/klebeband\/\">\n    <div class=\"image figure-animated-down\" style=\"--delay: 0.7s\" data-key=\"\">\n        <div class=\"figure-outer\">\n            <div class=\"figure-inner\">\n                                            <picture>\n            <source media=\"(max-width:600px)\" srcset=\"https:\/\/www.kwabo.nl\/wp-content\/uploads\/2024\/05\/Klebeband-800x533.jpg\">\n            <img loading=\"lazy\" decoding=\"async\"\n                src=\"https:\/\/www.kwabo.nl\/wp-content\/uploads\/2024\/05\/Klebeband-1200x800.jpg\"\n                width=\"800\"\n                height=\"533\"\n                alt=\"klebeband\"\n                class=\"\"\n            \/>\n        <\/picture>\n                                <\/div>\n        <\/div>\n    <\/div>\n    <span class=\"card-title\">Klebeband<\/span>\n            <p class=\"text\">Klebeband in hervorragender Qualit\u00e4t eignet sich f\u00fcr verschiedenste Untergr\u00fcnde und sorgt f\u00fcr ei&#8230;<\/p>\n    <\/a>                    <\/div>\n                            <\/div>\n        <\/div>\n\n        <nav class=\"pagination custom-pagination\">\n            <div class=\"swiper-pagination swiper-pagination-white\"><\/div>\n        <\/nav>\n    <\/div>\n<\/div><\/div>\n\n\n<div class=\"block trigger-in-view block-image-text no-background parallax\" data-name=\"Image &#038; Text\" id=\"block_97ca5b4b498f6ac1619d21e6ecf5a992\">\n    <div class=\"image-text container\">\n            <div class=\"image-wrapper\">\n\n                            <div class=\"image image-single\">\n                            <picture>\n            <source media=\"(max-width:600px)\" srcset=\"https:\/\/www.kwabo.nl\/wp-content\/uploads\/2024\/06\/150-2-800x800.jpg\">\n            <img loading=\"lazy\" decoding=\"async\"\n                src=\"https:\/\/www.kwabo.nl\/wp-content\/uploads\/2024\/06\/150-2.jpg\"\n                width=\"800\"\n                height=\"800\"\n                alt=\"kwabo's innovatieve technische afdeling.\"\n                class=\"\"\n            \/>\n        <\/picture>\n                    <\/div>\n            \n            \n            \n        <\/div>\n    \n    <div class=\"text-wrapper\">\n        <h2 class=\"title fade-in\">Kluge L\u00f6sungen, gr\u00fcne Ergebnisse<\/h2>\n        <div class=\"text fade-in\"><p><span style=\"font-weight: 400;\">Unsere technische Abteilung erreicht dank kreativer Innovationen gro\u00dfe Fortschritte beim Thema Nachhaltigkeit. Durch unsere effiziente Rollenwicklung enthalten unsere Paletten bis zu 50% mehr Rollen als die der Mitbewerber. Neben erheblichen Einsparungen bei Logistik und Lagerkosten erreichen wir so in der gesamten Lieferkette eine signifikante Reduzierung des CO2-Aussto\u00dfes.<\/span><\/p>\n<\/div>\n        \n                \n        \n                <div class=\"button-wrapper fade-in\">\n                            \n            <a class=\"button ghost arrow\"\n            href=\"https:\/\/www.kwabo.nl\/de\/esg-strategie\/\"\n            target=\"\"\n                    >\n            Mehr erfahren\n                            <svg xmlns=\"http:\/\/www.w3.org\/2000\/svg\" width=\"23\" height=\"21.075\" viewBox=\"0 0 23 21.075\">\n\t<g id=\"Icon_feather-arrow-right\" data-name=\"Icon feather-arrow-right\" transform=\"translate(-13.319 2.121)\" style=\"isolation: isolate\">\n\t\t<path id=\"Path_11195\" data-name=\"Path 11195\" d=\"M7.5,18h20\" transform=\"translate(7.319 -9.584)\" fill=\"none\" stroke-linecap=\"round\" stroke-linejoin=\"round\" stroke-width=\"3\" \/>\n\t\t<path id=\"Path_11196\" data-name=\"Path 11196\" d=\"M18,7.5l8.416,8.416L18,24.332\" transform=\"translate(8.403 -7.5)\" fill=\"none\" stroke-linecap=\"round\" stroke-linejoin=\"round\" stroke-width=\"3\" \/>\n\t<\/g>\n<\/svg>\n                    <\/a>\n    \n                                    <\/div>\n            <\/div>\n\n   \n  \n   \n<\/div>\n\n           <\/div>\n\n\n<div class=\"block block-usps\" data-name=\"USPs\" id=\"block_9d6a15b6779166f41b08744f03ebfbf8\">\n    <div class=\"usps\">\n        <div class=\"col-content center\">\n            <h2 class=\"title trigger-in-view trigger-opacity\">Hier verbinden sich Qualit\u00e4t und Innovation<\/h2>\n                            <p class=\"text trigger-in-view trigger-opacity\">Eine saubere und sichere Arbeitsumgebung f\u00fcr Endverbraucher verdient h\u00f6chste Priorit\u00e4t. Durch Einsatz hochwertiger Rohstoffe und zukunftsweisender Fertigungstechniken liefern wir ausschlie\u00dflich Abdeckmaterialien von Spitzenqualit\u00e4t. Kennzeichen einmal eingef\u00fchrter Quality Covers sind eine lange Nutzungsdauer sowie einfache Verarbeitung und demzufolge ein gesch\u00fctzter und sauberer Arbeitsuntergrund.<\/p>\n                        <div class=\"usps-row trigger-in-view trigger-opacity\">\n                                    <div class=\"usp\">\n                        <div class=\"icon\">\n                            <img decoding=\"async\" src=\"https:\/\/www.kwabo.nl\/wp-content\/uploads\/2024\/06\/Group-10.svg\" alt=\"\">\n                        <\/div>\n                        <p class=\"text\">Nachhaltig<\/p>\n                    <\/div>\n                                    <div class=\"usp\">\n                        <div class=\"icon\">\n                            <img decoding=\"async\" src=\"https:\/\/www.kwabo.nl\/wp-content\/uploads\/2024\/06\/check.svg\" alt=\"\">\n                        <\/div>\n                        <p class=\"text\">Qualit\u00e4tsprodukte<\/p>\n                    <\/div>\n                                    <div class=\"usp\">\n                        <div class=\"icon\">\n                            <img decoding=\"async\" src=\"https:\/\/www.kwabo.nl\/wp-content\/uploads\/2024\/06\/Filter.svg\" alt=\"\">\n                        <\/div>\n                        <p class=\"text\">Feinstaub gefiltert<\/p>\n                    <\/div>\n                                    <div class=\"usp\">\n                        <div class=\"icon\">\n                            <img decoding=\"async\" src=\"https:\/\/www.kwabo.nl\/wp-content\/uploads\/2024\/06\/arrow.svg\" alt=\"\">\n                        <\/div>\n                        <p class=\"text\">50% bis 100% mehr Einheiten je Palette<\/p>\n                    <\/div>\n                                    <div class=\"usp\">\n                        <div class=\"icon\">\n                            <img decoding=\"async\" src=\"https:\/\/www.kwabo.nl\/wp-content\/uploads\/2024\/06\/home-1.svg\" alt=\"\">\n                        <\/div>\n                        <p class=\"text\">Eigenfertigung von A bis Z<\/p>\n                    <\/div>\n                            <\/div>\n            <div class=\"button-wrapper trigger-in-view trigger-opacity\">\n                            <\/div>\n        <\/div>\n        <div class=\"background\"><\/div>\n    <\/div>\n<\/div>","protected":false},"excerpt":{"rendered":"","protected":false},"author":1,"featured_media":0,"parent":0,"menu_order":0,"comment_status":"closed","ping_status":"closed","template":"","meta":{"_acf_changed":false,"footnotes":""},"class_list":["post-1372","page","type-page","status-publish","hentry"],"acf":[],"yoast_head":"<!-- This site is optimized with the Yoast SEO Premium plugin v27.1 (Yoast SEO v27.3) - https:\/\/yoast.com\/product\/yoast-seo-premium-wordpress\/ -->\n<title>Produktgruppe Zubeh\u00f6r - Kwabo<\/title>\n<meta name=\"description\" content=\"Kwabo bietet passende Produkte wie den Multicutter und verschiedene Arten von Klebeb\u00e4ndern an, um unsere Quality Covers effizient und sicher zu befestigen.\" \/>\n<meta name=\"robots\" content=\"index, follow, max-snippet:-1, max-image-preview:large, max-video-preview:-1\" \/>\n<link rel=\"canonical\" href=\"https:\/\/www.kwabo.nl\/de\/zubehoer\/\" \/>\n<meta property=\"og:locale\" content=\"de_DE\" \/>\n<meta property=\"og:type\" content=\"article\" \/>\n<meta property=\"og:title\" content=\"Produktgruppe Zubeh\u00f6r\" \/>\n<meta property=\"og:description\" content=\"Kwabo bietet passende Produkte wie den Multicutter und verschiedene Arten von Klebeb\u00e4ndern an, um unsere Quality Covers effizient und sicher zu befestigen.\" \/>\n<meta property=\"og:url\" content=\"https:\/\/www.kwabo.nl\/de\/zubehoer\/\" \/>\n<meta property=\"og:site_name\" content=\"Kwabo\" \/>\n<meta property=\"article:modified_time\" content=\"2025-02-27T07:20:15+00:00\" \/>\n<meta name=\"twitter:card\" content=\"summary_large_image\" \/>\n<script type=\"application\/ld+json\" class=\"yoast-schema-graph\">{\"@context\":\"https:\\\/\\\/schema.org\",\"@graph\":[{\"@type\":\"WebPage\",\"@id\":\"https:\\\/\\\/www.kwabo.nl\\\/de\\\/zubehoer\\\/\",\"url\":\"https:\\\/\\\/www.kwabo.nl\\\/de\\\/zubehoer\\\/\",\"name\":\"Produktgruppe Zubeh\u00f6r - Kwabo\",\"isPartOf\":{\"@id\":\"https:\\\/\\\/www.kwabo.nl\\\/#website\"},\"datePublished\":\"2024-07-15T12:59:12+00:00\",\"dateModified\":\"2025-02-27T07:20:15+00:00\",\"description\":\"Kwabo bietet passende Produkte wie den Multicutter und verschiedene Arten von Klebeb\u00e4ndern an, um unsere Quality Covers effizient und sicher zu befestigen.\",\"breadcrumb\":{\"@id\":\"https:\\\/\\\/www.kwabo.nl\\\/de\\\/zubehoer\\\/#breadcrumb\"},\"inLanguage\":\"de\",\"potentialAction\":[{\"@type\":\"ReadAction\",\"target\":[\"https:\\\/\\\/www.kwabo.nl\\\/de\\\/zubehoer\\\/\"]}]},{\"@type\":\"BreadcrumbList\",\"@id\":\"https:\\\/\\\/www.kwabo.nl\\\/de\\\/zubehoer\\\/#breadcrumb\",\"itemListElement\":[{\"@type\":\"ListItem\",\"position\":1,\"name\":\"Home\",\"item\":\"https:\\\/\\\/www.kwabo.nl\\\/de\\\/\"},{\"@type\":\"ListItem\",\"position\":2,\"name\":\"Produktgruppe Zubeh\u00f6r\"}]},{\"@type\":\"WebSite\",\"@id\":\"https:\\\/\\\/www.kwabo.nl\\\/#website\",\"url\":\"https:\\\/\\\/www.kwabo.nl\\\/\",\"name\":\"Kwabo\",\"description\":\"Quality Covers\",\"potentialAction\":[{\"@type\":\"SearchAction\",\"target\":{\"@type\":\"EntryPoint\",\"urlTemplate\":\"https:\\\/\\\/www.kwabo.nl\\\/?s={search_term_string}\"},\"query-input\":{\"@type\":\"PropertyValueSpecification\",\"valueRequired\":true,\"valueName\":\"search_term_string\"}}],\"inLanguage\":\"de\"}]}<\/script>\n<!-- \/ Yoast SEO Premium plugin. -->","yoast_head_json":{"title":"Produktgruppe Zubeh\u00f6r - Kwabo","description":"Kwabo bietet passende Produkte wie den Multicutter und verschiedene Arten von Klebeb\u00e4ndern an, um unsere Quality Covers effizient und sicher zu befestigen.","robots":{"index":"index","follow":"follow","max-snippet":"max-snippet:-1","max-image-preview":"max-image-preview:large","max-video-preview":"max-video-preview:-1"},"canonical":"https:\/\/www.kwabo.nl\/de\/zubehoer\/","og_locale":"de_DE","og_type":"article","og_title":"Produktgruppe Zubeh\u00f6r","og_description":"Kwabo bietet passende Produkte wie den Multicutter und verschiedene Arten von Klebeb\u00e4ndern an, um unsere Quality Covers effizient und sicher zu befestigen.","og_url":"https:\/\/www.kwabo.nl\/de\/zubehoer\/","og_site_name":"Kwabo","article_modified_time":"2025-02-27T07:20:15+00:00","twitter_card":"summary_large_image","schema":{"@context":"https:\/\/schema.org","@graph":[{"@type":"WebPage","@id":"https:\/\/www.kwabo.nl\/de\/zubehoer\/","url":"https:\/\/www.kwabo.nl\/de\/zubehoer\/","name":"Produktgruppe Zubeh\u00f6r - Kwabo","isPartOf":{"@id":"https:\/\/www.kwabo.nl\/#website"},"datePublished":"2024-07-15T12:59:12+00:00","dateModified":"2025-02-27T07:20:15+00:00","description":"Kwabo bietet passende Produkte wie den Multicutter und verschiedene Arten von Klebeb\u00e4ndern an, um unsere Quality Covers effizient und sicher zu befestigen.","breadcrumb":{"@id":"https:\/\/www.kwabo.nl\/de\/zubehoer\/#breadcrumb"},"inLanguage":"de","potentialAction":[{"@type":"ReadAction","target":["https:\/\/www.kwabo.nl\/de\/zubehoer\/"]}]},{"@type":"BreadcrumbList","@id":"https:\/\/www.kwabo.nl\/de\/zubehoer\/#breadcrumb","itemListElement":[{"@type":"ListItem","position":1,"name":"Home","item":"https:\/\/www.kwabo.nl\/de\/"},{"@type":"ListItem","position":2,"name":"Produktgruppe Zubeh\u00f6r"}]},{"@type":"WebSite","@id":"https:\/\/www.kwabo.nl\/#website","url":"https:\/\/www.kwabo.nl\/","name":"Kwabo","description":"Quality Covers","potentialAction":[{"@type":"SearchAction","target":{"@type":"EntryPoint","urlTemplate":"https:\/\/www.kwabo.nl\/?s={search_term_string}"},"query-input":{"@type":"PropertyValueSpecification","valueRequired":true,"valueName":"search_term_string"}}],"inLanguage":"de"}]}},"_links":{"self":[{"href":"https:\/\/www.kwabo.nl\/de\/wp-json\/wp\/v2\/pages\/1372","targetHints":{"allow":["GET"]}}],"collection":[{"href":"https:\/\/www.kwabo.nl\/de\/wp-json\/wp\/v2\/pages"}],"about":[{"href":"https:\/\/www.kwabo.nl\/de\/wp-json\/wp\/v2\/types\/page"}],"author":[{"embeddable":true,"href":"https:\/\/www.kwabo.nl\/de\/wp-json\/wp\/v2\/users\/1"}],"replies":[{"embeddable":true,"href":"https:\/\/www.kwabo.nl\/de\/wp-json\/wp\/v2\/comments?post=1372"}],"version-history":[{"count":3,"href":"https:\/\/www.kwabo.nl\/de\/wp-json\/wp\/v2\/pages\/1372\/revisions"}],"predecessor-version":[{"id":1935,"href":"https:\/\/www.kwabo.nl\/de\/wp-json\/wp\/v2\/pages\/1372\/revisions\/1935"}],"wp:attachment":[{"href":"https:\/\/www.kwabo.nl\/de\/wp-json\/wp\/v2\/media?parent=1372"}],"curies":[{"name":"wp","href":"https:\/\/api.w.org\/{rel}","templated":true}]}}