{"id":1441,"date":"2024-02-09T14:43:18","date_gmt":"2024-02-09T13:43:18","guid":{"rendered":"https:\/\/www.kwabo.nl\/certificeringen\/"},"modified":"2024-10-02T15:16:57","modified_gmt":"2024-10-02T13:16:57","slug":"zertifizierungen","status":"publish","type":"page","link":"https:\/\/www.kwabo.nl\/de\/zertifizierungen\/","title":{"rendered":"Zertifizierungen"},"content":{"rendered":"\n<div class=\"block trigger-in-view block-image-text no-background image-right parallax\" data-name=\"Image &#038; Text\" id=\"block_221f0c4e14744ffa63cf8a6cd8a5ffda\">\n    <div class=\"image-text container\">\n            <div class=\"image-wrapper\">\n\n                            <div class=\"image image-single\">\n                            <picture>\n            <source media=\"(max-width:600px)\" srcset=\"https:\/\/www.kwabo.nl\/wp-content\/uploads\/2024\/06\/DSC_0962-e1718657704373-800x635.jpg\">\n            <img loading=\"lazy\" decoding=\"async\"\n                src=\"https:\/\/www.kwabo.nl\/wp-content\/uploads\/2024\/06\/DSC_0962-1200x857.jpg\"\n                width=\"800\"\n                height=\"635\"\n                alt=\"dsc_0962\"\n                class=\"\"\n            \/>\n        <\/picture>\n                    <\/div>\n            \n            \n            \n        <\/div>\n    \n    <div class=\"text-wrapper\">\n        <h2 class=\"title fade-in\">Bauen an einer besseren Zukunft<\/h2>\n        <div class=\"text fade-in\"><p><span style=\"font-weight: 400;\">Unsere Kernwerte sind Qualit\u00e4t, Sicherheit, Innovation und Nachhaltigkeit.<\/span><\/p>\n<p><span style=\"font-weight: 400;\">Wir streben st\u00e4ndig nach Fortschritt, verbessern kontinuierlich jeden Prozess. Neben der Lieferung von Produkten unschlagbarer Qualit\u00e4t gew\u00e4hrleisten wir auch die Gesundheit und Sicherheit sowohl unserer Mitarbeiter als auch unserer Kunden. Darauf sind wir als Kwabo stolz!<\/span><\/p>\n<\/div>\n        \n                \n        \n                <div class=\"button-wrapper fade-in\">\n                            \n            <a class=\"button ghost arrow\"\n            href=\"https:\/\/www.kwabo.nl\/de\/kontakt\/\"\n            target=\"\"\n                    >\n            Kontakt\n                            <svg xmlns=\"http:\/\/www.w3.org\/2000\/svg\" width=\"23\" height=\"21.075\" viewBox=\"0 0 23 21.075\">\n\t<g id=\"Icon_feather-arrow-right\" data-name=\"Icon feather-arrow-right\" transform=\"translate(-13.319 2.121)\" style=\"isolation: isolate\">\n\t\t<path id=\"Path_11195\" data-name=\"Path 11195\" d=\"M7.5,18h20\" transform=\"translate(7.319 -9.584)\" fill=\"none\" stroke-linecap=\"round\" stroke-linejoin=\"round\" stroke-width=\"3\" \/>\n\t\t<path id=\"Path_11196\" data-name=\"Path 11196\" d=\"M18,7.5l8.416,8.416L18,24.332\" transform=\"translate(8.403 -7.5)\" fill=\"none\" stroke-linecap=\"round\" stroke-linejoin=\"round\" stroke-width=\"3\" \/>\n\t<\/g>\n<\/svg>\n                    <\/a>\n    \n                                    <\/div>\n            <\/div>\n\n   \n  \n   \n<\/div>\n\n           <\/div>\n\n\n<div class=\"block block-certificate-lists\" data-name=\"Certificate lists\" id=\"block_83e9e45361eecbeb1d35db7818182176\">\n    <div class=\"certificate-lists\">\n        <div class=\"container\">\n                            <h2 class=\"title h3\">Unsere Zertifizierungen<\/h2>\n                        <ul>\n                            <li>\n                    <div class=\"card-certificate\">\n                        <div class=\"icon\">\n                            <svg xmlns=\"http:\/\/www.w3.org\/2000\/svg\" width=\"25.477\" height=\"25.477\" viewBox=\"0 0 25.477 25.477\">\n\t<g id=\"Icon_ionic-ios-checkmark-circle-outline\" data-name=\"Icon ionic-ios-checkmark-circle-outline\" transform=\"translate(-3.375 -3.375)\">\n\t\t<path id=\"Path_11308\" data-name=\"Path 11308\" d=\"M23.552,13.388,22.475,12.28a.232.232,0,0,0-.171-.073h0a.222.222,0,0,0-.171.073L14.66,19.806l-2.719-2.719a.237.237,0,0,0-.343,0l-1.09,1.09a.244.244,0,0,0,0,.349l3.43,3.43a1.085,1.085,0,0,0,.717.349,1.136,1.136,0,0,0,.71-.337h.006l8.188-8.231A.262.262,0,0,0,23.552,13.388Z\" transform=\"translate(-0.911 -1.139)\" fill=\"#071133\" \/>\n\t\t<path id=\"Path_11309\" data-name=\"Path 11309\" d=\"M16.113,5.09a11.019,11.019,0,1,1-7.8,3.227,10.951,10.951,0,0,1,7.8-3.227m0-1.715A12.738,12.738,0,1,0,28.852,16.113,12.736,12.736,0,0,0,16.113,3.375Z\" fill=\"#071133\" \/>\n\t<\/g>\n<\/svg>\n                        <\/div>\n                        <div class=\"text-wrapper\">\n                                                            <div class=\"logo\">\n                                    <img decoding=\"async\" src=\"https:\/\/www.kwabo.nl\/wp-content\/uploads\/2024\/07\/logotje.svg\" alt=\"BSCI *A-Bewertung\">\n                                <\/div>\n                                                        <p class=\"title\">BSCI *A-Bewertung<\/p>\n                            <p class=\"text\">Mit einer A-Bewertung, die f\u00fcr \u2018Hervorragend\u2019 steht! Mit dem BSCI-Zertifikat belegen Unternehmen ihr gesellschaftlich verantwortungsvolles unternehmerisches Handeln sowie ihren Einsatz f\u00fcr die Verbesserung der Arbeitsverh\u00e4ltnisse in ihrer Zulieferkette. Die A-Bewertung wird nicht h\u00e4ufig erteilt, deshalb sind wir sehr stolz darauf!<\/p>\n                        <\/div>\n                    <\/div>\n                <\/li>\n                            <li>\n                    <div class=\"card-certificate\">\n                        <div class=\"icon\">\n                            <svg xmlns=\"http:\/\/www.w3.org\/2000\/svg\" width=\"25.477\" height=\"25.477\" viewBox=\"0 0 25.477 25.477\">\n\t<g id=\"Icon_ionic-ios-checkmark-circle-outline\" data-name=\"Icon ionic-ios-checkmark-circle-outline\" transform=\"translate(-3.375 -3.375)\">\n\t\t<path id=\"Path_11308\" data-name=\"Path 11308\" d=\"M23.552,13.388,22.475,12.28a.232.232,0,0,0-.171-.073h0a.222.222,0,0,0-.171.073L14.66,19.806l-2.719-2.719a.237.237,0,0,0-.343,0l-1.09,1.09a.244.244,0,0,0,0,.349l3.43,3.43a1.085,1.085,0,0,0,.717.349,1.136,1.136,0,0,0,.71-.337h.006l8.188-8.231A.262.262,0,0,0,23.552,13.388Z\" transform=\"translate(-0.911 -1.139)\" fill=\"#071133\" \/>\n\t\t<path id=\"Path_11309\" data-name=\"Path 11309\" d=\"M16.113,5.09a11.019,11.019,0,1,1-7.8,3.227,10.951,10.951,0,0,1,7.8-3.227m0-1.715A12.738,12.738,0,1,0,28.852,16.113,12.736,12.736,0,0,0,16.113,3.375Z\" fill=\"#071133\" \/>\n\t<\/g>\n<\/svg>\n                        <\/div>\n                        <div class=\"text-wrapper\">\n                                                            <div class=\"logo\">\n                                    <img decoding=\"async\" src=\"https:\/\/www.kwabo.nl\/wp-content\/uploads\/2024\/07\/DGUV-1.svg\" alt=\"DGUV (BG)\">\n                                <\/div>\n                                                        <p class=\"title\">DGUV (BG)<\/p>\n                            <p class=\"text\">auf der Risikobeurteilung basierendes deutsches Zertifikat. Unser Non-Woven-Vlies wurde von der Pr\u00fcfstelle zum \u201asicheren\u2018 Produkt erkl\u00e4rt. Dadurch haben deutsche Kunden nachweislich ein geringeres Verletzungsrisiko und wird als Anreiz zur Beschaffung dieser Produkte eine finanzielle Kompensation gezahlt.<\/p>\n                        <\/div>\n                    <\/div>\n                <\/li>\n                            <li>\n                    <div class=\"card-certificate\">\n                        <div class=\"icon\">\n                            <svg xmlns=\"http:\/\/www.w3.org\/2000\/svg\" width=\"25.477\" height=\"25.477\" viewBox=\"0 0 25.477 25.477\">\n\t<g id=\"Icon_ionic-ios-checkmark-circle-outline\" data-name=\"Icon ionic-ios-checkmark-circle-outline\" transform=\"translate(-3.375 -3.375)\">\n\t\t<path id=\"Path_11308\" data-name=\"Path 11308\" d=\"M23.552,13.388,22.475,12.28a.232.232,0,0,0-.171-.073h0a.222.222,0,0,0-.171.073L14.66,19.806l-2.719-2.719a.237.237,0,0,0-.343,0l-1.09,1.09a.244.244,0,0,0,0,.349l3.43,3.43a1.085,1.085,0,0,0,.717.349,1.136,1.136,0,0,0,.71-.337h.006l8.188-8.231A.262.262,0,0,0,23.552,13.388Z\" transform=\"translate(-0.911 -1.139)\" fill=\"#071133\" \/>\n\t\t<path id=\"Path_11309\" data-name=\"Path 11309\" d=\"M16.113,5.09a11.019,11.019,0,1,1-7.8,3.227,10.951,10.951,0,0,1,7.8-3.227m0-1.715A12.738,12.738,0,1,0,28.852,16.113,12.736,12.736,0,0,0,16.113,3.375Z\" fill=\"#071133\" \/>\n\t<\/g>\n<\/svg>\n                        <\/div>\n                        <div class=\"text-wrapper\">\n                                                            <div class=\"logo\">\n                                    <img decoding=\"async\" src=\"https:\/\/www.kwabo.nl\/wp-content\/uploads\/2024\/07\/REACH.png\" alt=\"REACH\">\n                                <\/div>\n                                                        <p class=\"title\">REACH<\/p>\n                            <p class=\"text\">REACH ist ein komplexes Regelwerk zum Schutz der Gesundheit von Mensch und Umwelt vor den Gefahren chemischer Stoffe. REACH bietet die Gew\u00e4hr, dass unsere Produkte den in punkto Sicherheit und Handhabung chemischer Stoffe ma\u00dfgeblichen Anforderungen erf\u00fcllen. Unsere Non-Woven-Produkte sind frei von Metallen und gesundheitsgef\u00e4hrdenden Stoffen.<\/p>\n                        <\/div>\n                    <\/div>\n                <\/li>\n                            <li>\n                    <div class=\"card-certificate\">\n                        <div class=\"icon\">\n                            <svg xmlns=\"http:\/\/www.w3.org\/2000\/svg\" width=\"25.477\" height=\"25.477\" viewBox=\"0 0 25.477 25.477\">\n\t<g id=\"Icon_ionic-ios-checkmark-circle-outline\" data-name=\"Icon ionic-ios-checkmark-circle-outline\" transform=\"translate(-3.375 -3.375)\">\n\t\t<path id=\"Path_11308\" data-name=\"Path 11308\" d=\"M23.552,13.388,22.475,12.28a.232.232,0,0,0-.171-.073h0a.222.222,0,0,0-.171.073L14.66,19.806l-2.719-2.719a.237.237,0,0,0-.343,0l-1.09,1.09a.244.244,0,0,0,0,.349l3.43,3.43a1.085,1.085,0,0,0,.717.349,1.136,1.136,0,0,0,.71-.337h.006l8.188-8.231A.262.262,0,0,0,23.552,13.388Z\" transform=\"translate(-0.911 -1.139)\" fill=\"#071133\" \/>\n\t\t<path id=\"Path_11309\" data-name=\"Path 11309\" d=\"M16.113,5.09a11.019,11.019,0,1,1-7.8,3.227,10.951,10.951,0,0,1,7.8-3.227m0-1.715A12.738,12.738,0,1,0,28.852,16.113,12.736,12.736,0,0,0,16.113,3.375Z\" fill=\"#071133\" \/>\n\t<\/g>\n<\/svg>\n                        <\/div>\n                        <div class=\"text-wrapper\">\n                                                            <div class=\"logo\">\n                                    <img decoding=\"async\" src=\"https:\/\/www.kwabo.nl\/wp-content\/uploads\/2024\/07\/ISO-1.svg\" alt=\"ISO 9001\">\n                                <\/div>\n                                                        <p class=\"title\">ISO 9001<\/p>\n                            <p class=\"text\">Diese Zertifizierung ist der Beleg, dass Kwabo die internationalen Anforderungen f\u00fcr das Qualit\u00e4tsmanagement erf\u00fcllt. ISO 9001 ist eine weltweite anerkannte Norm zur Transparenz betrieblicher Abl\u00e4ufe, die sicherstellt, dass  ein Unternehmen systematisch den Erwartungen des Kunden oder Auftraggebers entsprechen kann.<\/p>\n                        <\/div>\n                    <\/div>\n                <\/li>\n                            <li>\n                    <div class=\"card-certificate\">\n                        <div class=\"icon\">\n                            <svg xmlns=\"http:\/\/www.w3.org\/2000\/svg\" width=\"25.477\" height=\"25.477\" viewBox=\"0 0 25.477 25.477\">\n\t<g id=\"Icon_ionic-ios-checkmark-circle-outline\" data-name=\"Icon ionic-ios-checkmark-circle-outline\" transform=\"translate(-3.375 -3.375)\">\n\t\t<path id=\"Path_11308\" data-name=\"Path 11308\" d=\"M23.552,13.388,22.475,12.28a.232.232,0,0,0-.171-.073h0a.222.222,0,0,0-.171.073L14.66,19.806l-2.719-2.719a.237.237,0,0,0-.343,0l-1.09,1.09a.244.244,0,0,0,0,.349l3.43,3.43a1.085,1.085,0,0,0,.717.349,1.136,1.136,0,0,0,.71-.337h.006l8.188-8.231A.262.262,0,0,0,23.552,13.388Z\" transform=\"translate(-0.911 -1.139)\" fill=\"#071133\" \/>\n\t\t<path id=\"Path_11309\" data-name=\"Path 11309\" d=\"M16.113,5.09a11.019,11.019,0,1,1-7.8,3.227,10.951,10.951,0,0,1,7.8-3.227m0-1.715A12.738,12.738,0,1,0,28.852,16.113,12.736,12.736,0,0,0,16.113,3.375Z\" fill=\"#071133\" \/>\n\t<\/g>\n<\/svg>\n                        <\/div>\n                        <div class=\"text-wrapper\">\n                                                            <div class=\"logo\">\n                                    <img decoding=\"async\" src=\"https:\/\/www.kwabo.nl\/wp-content\/uploads\/2024\/07\/GRS-1.svg\" alt=\"GRS\">\n                                <\/div>\n                                                        <p class=\"title\">GRS<\/p>\n                            <p class=\"text\">Eine produktbezogene internationale Zertifizierung, ausweislich der mehr als 50% des Produktes aus recycelten Materialien bestehen m\u00fcssen. An einem Produktionsstandort m\u00fcssen mindestens 20% der Produkte aus recycelten Materialien hergestellt werden.<\/p>\n                        <\/div>\n                    <\/div>\n                <\/li>\n                        <\/ul>\n        <\/div>\n    <\/div>\n<\/div>\n\n\n\n<div class=\"block trigger-in-view block-image-text no-background parallax\" data-name=\"Image &#038; Text\" id=\"block_b8e9afafc7b997a2a2b03f83fda63123\">\n    <div class=\"image-text container\">\n            <div class=\"image-wrapper\">\n\n                            <div class=\"image image-single\">\n                            <picture>\n            <source media=\"(max-width:600px)\" srcset=\"https:\/\/www.kwabo.nl\/wp-content\/uploads\/2024\/06\/029-1-800x800.jpg\">\n            <img loading=\"lazy\" decoding=\"async\"\n                src=\"https:\/\/www.kwabo.nl\/wp-content\/uploads\/2024\/06\/029-1.jpg\"\n                width=\"800\"\n                height=\"800\"\n                alt=\"029\"\n                class=\"\"\n            \/>\n        <\/picture>\n                    <\/div>\n            \n            \n            \n        <\/div>\n    \n    <div class=\"text-wrapper\">\n        <h2 class=\"title fade-in\">Reduzierung von CO<sub>2<\/sub>-Aussto\u00df<\/h2>\n        <div class=\"text fade-in\"><p><span style=\"font-weight: 400;\">Zur Minimierung der Auswirkung unseres \u00f6kologischen Fu\u00dfabdrucks\u00a0 arbeitet unsere F&amp;E-Abteilung kontinuierlich am Feintuning unserer Rollenwicklung. Dies erm\u00f6glicht Kwabo die optimale Nutzung des verf\u00fcgbaren Raums auf Paletten und in Containern, was in der gesamten Lieferkette zu 50% geringerem Logistikaufwand f\u00fchrt.<\/span><\/p>\n<\/div>\n        \n                \n        \n                <div class=\"button-wrapper fade-in\">\n                            \n            <a class=\"button ghost arrow\"\n            href=\"https:\/\/www.kwabo.nl\/de\/esg-strategie\/\"\n            target=\"\"\n                    >\n            Mehr erfahren\n                            <svg xmlns=\"http:\/\/www.w3.org\/2000\/svg\" width=\"23\" height=\"21.075\" viewBox=\"0 0 23 21.075\">\n\t<g id=\"Icon_feather-arrow-right\" data-name=\"Icon feather-arrow-right\" transform=\"translate(-13.319 2.121)\" style=\"isolation: isolate\">\n\t\t<path id=\"Path_11195\" data-name=\"Path 11195\" d=\"M7.5,18h20\" transform=\"translate(7.319 -9.584)\" fill=\"none\" stroke-linecap=\"round\" stroke-linejoin=\"round\" stroke-width=\"3\" \/>\n\t\t<path id=\"Path_11196\" data-name=\"Path 11196\" d=\"M18,7.5l8.416,8.416L18,24.332\" transform=\"translate(8.403 -7.5)\" fill=\"none\" stroke-linecap=\"round\" stroke-linejoin=\"round\" stroke-width=\"3\" \/>\n\t<\/g>\n<\/svg>\n                    <\/a>\n    \n                                    <\/div>\n            <\/div>\n\n   \n  \n   \n<\/div>\n\n           <\/div>","protected":false},"excerpt":{"rendered":"","protected":false},"author":1,"featured_media":0,"parent":0,"menu_order":0,"comment_status":"closed","ping_status":"closed","template":"","meta":{"_acf_changed":false,"footnotes":""},"class_list":["post-1441","page","type-page","status-publish","hentry"],"acf":[],"yoast_head":"<!-- This site is optimized with the Yoast SEO Premium plugin v27.1 (Yoast SEO v27.4) - https:\/\/yoast.com\/product\/yoast-seo-premium-wordpress\/ -->\n<title>Zertifizierungen - Kwabo<\/title>\n<meta name=\"description\" content=\"Entdecken Sie unsere Zertifizierungen. Qualit\u00e4t, Sicherheit, Innovation und Nachhaltigkeit stehen bei uns im Mittelpunkt. Darauf sind wir bei Kwabo stolz!\" \/>\n<meta name=\"robots\" content=\"index, follow, max-snippet:-1, max-image-preview:large, max-video-preview:-1\" \/>\n<link rel=\"canonical\" href=\"https:\/\/www.kwabo.nl\/de\/zertifizierungen\/\" \/>\n<meta property=\"og:locale\" content=\"de_DE\" \/>\n<meta property=\"og:type\" content=\"article\" \/>\n<meta property=\"og:title\" content=\"Zertifizierungen\" \/>\n<meta property=\"og:description\" content=\"Entdecken Sie unsere Zertifizierungen. Qualit\u00e4t, Sicherheit, Innovation und Nachhaltigkeit stehen bei uns im Mittelpunkt. Darauf sind wir bei Kwabo stolz!\" \/>\n<meta property=\"og:url\" content=\"https:\/\/www.kwabo.nl\/de\/zertifizierungen\/\" \/>\n<meta property=\"og:site_name\" content=\"Kwabo\" \/>\n<meta property=\"article:modified_time\" content=\"2024-10-02T13:16:57+00:00\" \/>\n<meta name=\"twitter:card\" content=\"summary_large_image\" \/>\n<script type=\"application\/ld+json\" class=\"yoast-schema-graph\">{\"@context\":\"https:\\\/\\\/schema.org\",\"@graph\":[{\"@type\":\"WebPage\",\"@id\":\"https:\\\/\\\/www.kwabo.nl\\\/de\\\/zertifizierungen\\\/\",\"url\":\"https:\\\/\\\/www.kwabo.nl\\\/de\\\/zertifizierungen\\\/\",\"name\":\"Zertifizierungen - Kwabo\",\"isPartOf\":{\"@id\":\"https:\\\/\\\/www.kwabo.nl\\\/#website\"},\"datePublished\":\"2024-02-09T13:43:18+00:00\",\"dateModified\":\"2024-10-02T13:16:57+00:00\",\"description\":\"Entdecken Sie unsere Zertifizierungen. Qualit\u00e4t, Sicherheit, Innovation und Nachhaltigkeit stehen bei uns im Mittelpunkt. Darauf sind wir bei Kwabo stolz!\",\"breadcrumb\":{\"@id\":\"https:\\\/\\\/www.kwabo.nl\\\/de\\\/zertifizierungen\\\/#breadcrumb\"},\"inLanguage\":\"de\",\"potentialAction\":[{\"@type\":\"ReadAction\",\"target\":[\"https:\\\/\\\/www.kwabo.nl\\\/de\\\/zertifizierungen\\\/\"]}]},{\"@type\":\"BreadcrumbList\",\"@id\":\"https:\\\/\\\/www.kwabo.nl\\\/de\\\/zertifizierungen\\\/#breadcrumb\",\"itemListElement\":[{\"@type\":\"ListItem\",\"position\":1,\"name\":\"Home\",\"item\":\"https:\\\/\\\/www.kwabo.nl\\\/de\\\/\"},{\"@type\":\"ListItem\",\"position\":2,\"name\":\"Zertifizierungen\"}]},{\"@type\":\"WebSite\",\"@id\":\"https:\\\/\\\/www.kwabo.nl\\\/#website\",\"url\":\"https:\\\/\\\/www.kwabo.nl\\\/\",\"name\":\"Kwabo\",\"description\":\"Quality Covers\",\"potentialAction\":[{\"@type\":\"SearchAction\",\"target\":{\"@type\":\"EntryPoint\",\"urlTemplate\":\"https:\\\/\\\/www.kwabo.nl\\\/?s={search_term_string}\"},\"query-input\":{\"@type\":\"PropertyValueSpecification\",\"valueRequired\":true,\"valueName\":\"search_term_string\"}}],\"inLanguage\":\"de\"}]}<\/script>\n<!-- \/ Yoast SEO Premium plugin. -->","yoast_head_json":{"title":"Zertifizierungen - Kwabo","description":"Entdecken Sie unsere Zertifizierungen. Qualit\u00e4t, Sicherheit, Innovation und Nachhaltigkeit stehen bei uns im Mittelpunkt. Darauf sind wir bei Kwabo stolz!","robots":{"index":"index","follow":"follow","max-snippet":"max-snippet:-1","max-image-preview":"max-image-preview:large","max-video-preview":"max-video-preview:-1"},"canonical":"https:\/\/www.kwabo.nl\/de\/zertifizierungen\/","og_locale":"de_DE","og_type":"article","og_title":"Zertifizierungen","og_description":"Entdecken Sie unsere Zertifizierungen. Qualit\u00e4t, Sicherheit, Innovation und Nachhaltigkeit stehen bei uns im Mittelpunkt. Darauf sind wir bei Kwabo stolz!","og_url":"https:\/\/www.kwabo.nl\/de\/zertifizierungen\/","og_site_name":"Kwabo","article_modified_time":"2024-10-02T13:16:57+00:00","twitter_card":"summary_large_image","schema":{"@context":"https:\/\/schema.org","@graph":[{"@type":"WebPage","@id":"https:\/\/www.kwabo.nl\/de\/zertifizierungen\/","url":"https:\/\/www.kwabo.nl\/de\/zertifizierungen\/","name":"Zertifizierungen - Kwabo","isPartOf":{"@id":"https:\/\/www.kwabo.nl\/#website"},"datePublished":"2024-02-09T13:43:18+00:00","dateModified":"2024-10-02T13:16:57+00:00","description":"Entdecken Sie unsere Zertifizierungen. Qualit\u00e4t, Sicherheit, Innovation und Nachhaltigkeit stehen bei uns im Mittelpunkt. Darauf sind wir bei Kwabo stolz!","breadcrumb":{"@id":"https:\/\/www.kwabo.nl\/de\/zertifizierungen\/#breadcrumb"},"inLanguage":"de","potentialAction":[{"@type":"ReadAction","target":["https:\/\/www.kwabo.nl\/de\/zertifizierungen\/"]}]},{"@type":"BreadcrumbList","@id":"https:\/\/www.kwabo.nl\/de\/zertifizierungen\/#breadcrumb","itemListElement":[{"@type":"ListItem","position":1,"name":"Home","item":"https:\/\/www.kwabo.nl\/de\/"},{"@type":"ListItem","position":2,"name":"Zertifizierungen"}]},{"@type":"WebSite","@id":"https:\/\/www.kwabo.nl\/#website","url":"https:\/\/www.kwabo.nl\/","name":"Kwabo","description":"Quality Covers","potentialAction":[{"@type":"SearchAction","target":{"@type":"EntryPoint","urlTemplate":"https:\/\/www.kwabo.nl\/?s={search_term_string}"},"query-input":{"@type":"PropertyValueSpecification","valueRequired":true,"valueName":"search_term_string"}}],"inLanguage":"de"}]}},"_links":{"self":[{"href":"https:\/\/www.kwabo.nl\/de\/wp-json\/wp\/v2\/pages\/1441","targetHints":{"allow":["GET"]}}],"collection":[{"href":"https:\/\/www.kwabo.nl\/de\/wp-json\/wp\/v2\/pages"}],"about":[{"href":"https:\/\/www.kwabo.nl\/de\/wp-json\/wp\/v2\/types\/page"}],"author":[{"embeddable":true,"href":"https:\/\/www.kwabo.nl\/de\/wp-json\/wp\/v2\/users\/1"}],"replies":[{"embeddable":true,"href":"https:\/\/www.kwabo.nl\/de\/wp-json\/wp\/v2\/comments?post=1441"}],"version-history":[{"count":3,"href":"https:\/\/www.kwabo.nl\/de\/wp-json\/wp\/v2\/pages\/1441\/revisions"}],"predecessor-version":[{"id":1576,"href":"https:\/\/www.kwabo.nl\/de\/wp-json\/wp\/v2\/pages\/1441\/revisions\/1576"}],"wp:attachment":[{"href":"https:\/\/www.kwabo.nl\/de\/wp-json\/wp\/v2\/media?parent=1441"}],"curies":[{"name":"wp","href":"https:\/\/api.w.org\/{rel}","templated":true}]}}