{"id":1446,"date":"2024-02-09T14:43:35","date_gmt":"2024-02-09T13:43:35","guid":{"rendered":"https:\/\/www.kwabo.nl\/private-label\/"},"modified":"2024-10-02T15:15:38","modified_gmt":"2024-10-02T13:15:38","slug":"eigenmarke","status":"publish","type":"page","link":"https:\/\/www.kwabo.nl\/de\/eigenmarke\/","title":{"rendered":"Eigenmarke"},"content":{"rendered":"\n<div class=\"block trigger-in-view block-image-text no-background parallax\" data-name=\"Image &#038; Text\" id=\"block_8d5e04fd39f269f7949fbebe113cd893\">\n    <div class=\"image-text container\">\n            <div class=\"image-wrapper\">\n\n                            <div class=\"image image-single\">\n                            <picture>\n            <source media=\"(max-width:600px)\" srcset=\"https:\/\/www.kwabo.nl\/wp-content\/uploads\/2024\/06\/017-800x709.jpg\">\n            <img loading=\"lazy\" decoding=\"async\"\n                src=\"https:\/\/www.kwabo.nl\/wp-content\/uploads\/2024\/06\/017-1200x1064.jpg\"\n                width=\"800\"\n                height=\"709\"\n                alt=\"017\"\n                class=\"\"\n            \/>\n        <\/picture>\n                    <\/div>\n            \n            \n            \n        <\/div>\n    \n    <div class=\"text-wrapper\">\n        <h2 class=\"title fade-in\">Weshalb Sie sich f\u00fcr Ihre Eigenmarke entscheiden sollten!<\/h2>\n        <div class=\"text fade-in\"><p><strong>Unterscheiden Sie Ihre Produkte<\/strong><\/p>\n<ul>\n<li><span style=\"font-weight: 400;\">Eine Eigenmarke erm\u00f6glicht Ihnen die absolute Kontrolle \u00fcber das Markenimage, die Qualit\u00e4t und die Positionierung Ihres Produktes.<\/span><\/li>\n<\/ul>\n<p><strong>Markenidentit\u00e4t und Kundenbindung<\/strong><\/p>\n<ul>\n<li style=\"font-weight: 400;\" aria-level=\"1\"><span style=\"font-weight: 400;\">Steigern Sie Sichtbarkeit und Namensbekanntheit Ihrer Marke, sodass zufriedene Verbraucher immer wieder auf Ihr Produkt zur\u00fcckgreifen werden.<\/span><\/li>\n<\/ul>\n<\/div>\n        \n                \n        \n                <div class=\"button-wrapper fade-in\">\n                            \n            <a class=\"button ghost arrow\"\n            href=\"https:\/\/www.kwabo.nl\/de\/kontakt\/\"\n            target=\"\"\n                    >\n            Kontaktieren Sie uns\n                            <svg xmlns=\"http:\/\/www.w3.org\/2000\/svg\" width=\"23\" height=\"21.075\" viewBox=\"0 0 23 21.075\">\n\t<g id=\"Icon_feather-arrow-right\" data-name=\"Icon feather-arrow-right\" transform=\"translate(-13.319 2.121)\" style=\"isolation: isolate\">\n\t\t<path id=\"Path_11195\" data-name=\"Path 11195\" d=\"M7.5,18h20\" transform=\"translate(7.319 -9.584)\" fill=\"none\" stroke-linecap=\"round\" stroke-linejoin=\"round\" stroke-width=\"3\" \/>\n\t\t<path id=\"Path_11196\" data-name=\"Path 11196\" d=\"M18,7.5l8.416,8.416L18,24.332\" transform=\"translate(8.403 -7.5)\" fill=\"none\" stroke-linecap=\"round\" stroke-linejoin=\"round\" stroke-width=\"3\" \/>\n\t<\/g>\n<\/svg>\n                    <\/a>\n    \n                                    <\/div>\n            <\/div>\n\n   \n  \n   \n<\/div>\n\n           <\/div>\n\n\n<div class=\"block block-form\" data-name=\"Form\" id=\"block_3a68f067240603e51c6493d3fba52478\">\n    \n\n<div class=\"form container trigger-in-view-later has-background background-color-green\" data-confirm_page_url=\"https:\/\/www.kwabo.nl\/de\/vielen-dank\/\">\n        <div class=\"col col-form\">\n        <h4 class=\"title fade-in\">\n            Kontaktieren Sie uns        <\/h4>\n        \n<div class=\"wpcf7 no-js\" id=\"wpcf7-f1604-o1\" lang=\"nl-NL\" dir=\"ltr\" data-wpcf7-id=\"1604\">\n<div class=\"screen-reader-response\"><p role=\"status\" aria-live=\"polite\" aria-atomic=\"true\"><\/p> <ul><\/ul><\/div>\n<form action=\"\/de\/wp-json\/wp\/v2\/pages\/1446#wpcf7-f1604-o1\" method=\"post\" class=\"wpcf7-form init\" aria-label=\"Contactformulier\" novalidate=\"novalidate\" data-status=\"init\">\n<fieldset class=\"hidden-fields-container\"><input type=\"hidden\" name=\"_wpcf7\" value=\"1604\" \/><input type=\"hidden\" name=\"_wpcf7_version\" value=\"6.1.5\" \/><input type=\"hidden\" name=\"_wpcf7_locale\" value=\"nl_NL\" \/><input type=\"hidden\" name=\"_wpcf7_unit_tag\" value=\"wpcf7-f1604-o1\" \/><input type=\"hidden\" name=\"_wpcf7_container_post\" value=\"0\" \/><input type=\"hidden\" name=\"_wpcf7_posted_data_hash\" value=\"\" \/><input type=\"hidden\" name=\"_wpcf7_recaptcha_response\" value=\"\" \/>\n<\/fieldset>\n<p><label><span class=\"wpcf7-form-control-wrap\" data-name=\"your-name\"><input size=\"40\" maxlength=\"400\" class=\"wpcf7-form-control wpcf7-text wpcf7-validates-as-required\" autocomplete=\"name\" aria-required=\"true\" aria-invalid=\"false\" placeholder=\"Firma\" value=\"\" type=\"text\" name=\"your-name\" \/><\/span> <\/label>\n<\/p>\n<p><label><span class=\"wpcf7-form-control-wrap\" data-name=\"your-email\"><input size=\"40\" maxlength=\"400\" class=\"wpcf7-form-control wpcf7-email wpcf7-validates-as-required wpcf7-text wpcf7-validates-as-email\" autocomplete=\"email\" aria-required=\"true\" aria-invalid=\"false\" placeholder=\"E-Mailadresse\" value=\"\" type=\"email\" name=\"your-email\" \/><\/span> <\/label>\n<\/p>\n<p><label><span class=\"wpcf7-form-control-wrap\" data-name=\"your-message\"><textarea cols=\"40\" rows=\"3\" maxlength=\"2000\" class=\"wpcf7-form-control wpcf7-textarea\" aria-invalid=\"false\" placeholder=\"Ihre Nachricht\" name=\"your-message\"><\/textarea><\/span><\/label>\n<\/p>\n<p><input class=\"wpcf7-form-control wpcf7-submit has-spinner\" type=\"submit\" value=\"Absenden\" \/>\n<\/p><div class=\"wpcf7-response-output\" aria-hidden=\"true\"><\/div>\n<\/form>\n<\/div>\n    <\/div>\n        <div class=\"col col-image\">\n                <picture>\n            <source media=\"(max-width:600px)\" srcset=\"https:\/\/www.kwabo.nl\/wp-content\/uploads\/2024\/06\/Contact-1-800x513.jpg\">\n            <img loading=\"lazy\" decoding=\"async\"\n                src=\"https:\/\/www.kwabo.nl\/wp-content\/uploads\/2024\/06\/Contact-1-1200x770.jpg\"\n                width=\"800\"\n                height=\"513\"\n                alt=\"contact\"\n                class=\"\"\n            \/>\n        <\/picture>\n        <\/div>\n<\/div><\/div>","protected":false},"excerpt":{"rendered":"","protected":false},"author":1,"featured_media":0,"parent":0,"menu_order":0,"comment_status":"closed","ping_status":"closed","template":"","meta":{"_acf_changed":false,"footnotes":""},"class_list":["post-1446","page","type-page","status-publish","hentry"],"acf":[],"yoast_head":"<!-- This site is optimized with the Yoast SEO Premium plugin v27.1 (Yoast SEO v27.5) - https:\/\/yoast.com\/product\/yoast-seo-premium-wordpress\/ -->\n<title>Eigenmarke - Kwabo<\/title>\n<meta name=\"description\" content=\"Bieten Sie Abdeckmaterialien unter Ihrem eigenen Eigenmarke an und st\u00e4rken Sie Ihre Marke mit ma\u00dfgeschneiderten Produkten, hergestellt von Kwabo.\" \/>\n<meta name=\"robots\" content=\"index, follow, max-snippet:-1, max-image-preview:large, max-video-preview:-1\" \/>\n<link rel=\"canonical\" href=\"https:\/\/www.kwabo.nl\/de\/eigenmarke\/\" \/>\n<meta property=\"og:locale\" content=\"de_DE\" \/>\n<meta property=\"og:type\" content=\"article\" \/>\n<meta property=\"og:title\" content=\"Eigenmarke\" \/>\n<meta property=\"og:description\" content=\"Bieten Sie Abdeckmaterialien unter Ihrem eigenen Eigenmarke an und st\u00e4rken Sie Ihre Marke mit ma\u00dfgeschneiderten Produkten, hergestellt von Kwabo.\" \/>\n<meta property=\"og:url\" content=\"https:\/\/www.kwabo.nl\/de\/eigenmarke\/\" \/>\n<meta property=\"og:site_name\" content=\"Kwabo\" \/>\n<meta property=\"article:modified_time\" content=\"2024-10-02T13:15:38+00:00\" \/>\n<meta name=\"twitter:card\" content=\"summary_large_image\" \/>\n<script type=\"application\/ld+json\" class=\"yoast-schema-graph\">{\"@context\":\"https:\\\/\\\/schema.org\",\"@graph\":[{\"@type\":\"WebPage\",\"@id\":\"https:\\\/\\\/www.kwabo.nl\\\/de\\\/eigenmarke\\\/\",\"url\":\"https:\\\/\\\/www.kwabo.nl\\\/de\\\/eigenmarke\\\/\",\"name\":\"Eigenmarke - Kwabo\",\"isPartOf\":{\"@id\":\"https:\\\/\\\/www.kwabo.nl\\\/#website\"},\"datePublished\":\"2024-02-09T13:43:35+00:00\",\"dateModified\":\"2024-10-02T13:15:38+00:00\",\"description\":\"Bieten Sie Abdeckmaterialien unter Ihrem eigenen Eigenmarke an und st\u00e4rken Sie Ihre Marke mit ma\u00dfgeschneiderten Produkten, hergestellt von Kwabo.\",\"breadcrumb\":{\"@id\":\"https:\\\/\\\/www.kwabo.nl\\\/de\\\/eigenmarke\\\/#breadcrumb\"},\"inLanguage\":\"de\",\"potentialAction\":[{\"@type\":\"ReadAction\",\"target\":[\"https:\\\/\\\/www.kwabo.nl\\\/de\\\/eigenmarke\\\/\"]}]},{\"@type\":\"BreadcrumbList\",\"@id\":\"https:\\\/\\\/www.kwabo.nl\\\/de\\\/eigenmarke\\\/#breadcrumb\",\"itemListElement\":[{\"@type\":\"ListItem\",\"position\":1,\"name\":\"Home\",\"item\":\"https:\\\/\\\/www.kwabo.nl\\\/de\\\/\"},{\"@type\":\"ListItem\",\"position\":2,\"name\":\"Eigenmarke\"}]},{\"@type\":\"WebSite\",\"@id\":\"https:\\\/\\\/www.kwabo.nl\\\/#website\",\"url\":\"https:\\\/\\\/www.kwabo.nl\\\/\",\"name\":\"Kwabo\",\"description\":\"Quality Covers\",\"potentialAction\":[{\"@type\":\"SearchAction\",\"target\":{\"@type\":\"EntryPoint\",\"urlTemplate\":\"https:\\\/\\\/www.kwabo.nl\\\/?s={search_term_string}\"},\"query-input\":{\"@type\":\"PropertyValueSpecification\",\"valueRequired\":true,\"valueName\":\"search_term_string\"}}],\"inLanguage\":\"de\"}]}<\/script>\n<!-- \/ Yoast SEO Premium plugin. -->","yoast_head_json":{"title":"Eigenmarke - Kwabo","description":"Bieten Sie Abdeckmaterialien unter Ihrem eigenen Eigenmarke an und st\u00e4rken Sie Ihre Marke mit ma\u00dfgeschneiderten Produkten, hergestellt von Kwabo.","robots":{"index":"index","follow":"follow","max-snippet":"max-snippet:-1","max-image-preview":"max-image-preview:large","max-video-preview":"max-video-preview:-1"},"canonical":"https:\/\/www.kwabo.nl\/de\/eigenmarke\/","og_locale":"de_DE","og_type":"article","og_title":"Eigenmarke","og_description":"Bieten Sie Abdeckmaterialien unter Ihrem eigenen Eigenmarke an und st\u00e4rken Sie Ihre Marke mit ma\u00dfgeschneiderten Produkten, hergestellt von Kwabo.","og_url":"https:\/\/www.kwabo.nl\/de\/eigenmarke\/","og_site_name":"Kwabo","article_modified_time":"2024-10-02T13:15:38+00:00","twitter_card":"summary_large_image","schema":{"@context":"https:\/\/schema.org","@graph":[{"@type":"WebPage","@id":"https:\/\/www.kwabo.nl\/de\/eigenmarke\/","url":"https:\/\/www.kwabo.nl\/de\/eigenmarke\/","name":"Eigenmarke - Kwabo","isPartOf":{"@id":"https:\/\/www.kwabo.nl\/#website"},"datePublished":"2024-02-09T13:43:35+00:00","dateModified":"2024-10-02T13:15:38+00:00","description":"Bieten Sie Abdeckmaterialien unter Ihrem eigenen Eigenmarke an und st\u00e4rken Sie Ihre Marke mit ma\u00dfgeschneiderten Produkten, hergestellt von Kwabo.","breadcrumb":{"@id":"https:\/\/www.kwabo.nl\/de\/eigenmarke\/#breadcrumb"},"inLanguage":"de","potentialAction":[{"@type":"ReadAction","target":["https:\/\/www.kwabo.nl\/de\/eigenmarke\/"]}]},{"@type":"BreadcrumbList","@id":"https:\/\/www.kwabo.nl\/de\/eigenmarke\/#breadcrumb","itemListElement":[{"@type":"ListItem","position":1,"name":"Home","item":"https:\/\/www.kwabo.nl\/de\/"},{"@type":"ListItem","position":2,"name":"Eigenmarke"}]},{"@type":"WebSite","@id":"https:\/\/www.kwabo.nl\/#website","url":"https:\/\/www.kwabo.nl\/","name":"Kwabo","description":"Quality Covers","potentialAction":[{"@type":"SearchAction","target":{"@type":"EntryPoint","urlTemplate":"https:\/\/www.kwabo.nl\/?s={search_term_string}"},"query-input":{"@type":"PropertyValueSpecification","valueRequired":true,"valueName":"search_term_string"}}],"inLanguage":"de"}]}},"_links":{"self":[{"href":"https:\/\/www.kwabo.nl\/de\/wp-json\/wp\/v2\/pages\/1446","targetHints":{"allow":["GET"]}}],"collection":[{"href":"https:\/\/www.kwabo.nl\/de\/wp-json\/wp\/v2\/pages"}],"about":[{"href":"https:\/\/www.kwabo.nl\/de\/wp-json\/wp\/v2\/types\/page"}],"author":[{"embeddable":true,"href":"https:\/\/www.kwabo.nl\/de\/wp-json\/wp\/v2\/users\/1"}],"replies":[{"embeddable":true,"href":"https:\/\/www.kwabo.nl\/de\/wp-json\/wp\/v2\/comments?post=1446"}],"version-history":[{"count":3,"href":"https:\/\/www.kwabo.nl\/de\/wp-json\/wp\/v2\/pages\/1446\/revisions"}],"predecessor-version":[{"id":1614,"href":"https:\/\/www.kwabo.nl\/de\/wp-json\/wp\/v2\/pages\/1446\/revisions\/1614"}],"wp:attachment":[{"href":"https:\/\/www.kwabo.nl\/de\/wp-json\/wp\/v2\/media?parent=1446"}],"curies":[{"name":"wp","href":"https:\/\/api.w.org\/{rel}","templated":true}]}}