{"id":1450,"date":"2024-02-01T15:55:01","date_gmt":"2024-02-01T14:55:01","guid":{"rendered":"https:\/\/www.kwabo.nl\/over-ons\/"},"modified":"2024-10-02T15:21:22","modified_gmt":"2024-10-02T13:21:22","slug":"ueber-uns","status":"publish","type":"page","link":"https:\/\/www.kwabo.nl\/de\/ueber-uns\/","title":{"rendered":"\u00dcber uns"},"content":{"rendered":"\n<div class=\"block trigger-in-view block-image-text no-background parallax\" data-name=\"Image &#038; Text\" id=\"block_bf10933c22362e1e5c83d765dadc2cf1\">\n    <div class=\"image-text container\">\n            <div class=\"image-wrapper\">\n\n                            <div class=\"image image-single\">\n                            <picture>\n            <source media=\"(max-width:600px)\" srcset=\"https:\/\/www.kwabo.nl\/wp-content\/uploads\/2024\/06\/BDO-Familiebedrijvenboek-Kwabo-Bolster-Investment-Partners-01-1-800x734.jpg\">\n            <img loading=\"lazy\" decoding=\"async\"\n                src=\"https:\/\/www.kwabo.nl\/wp-content\/uploads\/2024\/06\/BDO-Familiebedrijvenboek-Kwabo-Bolster-Investment-Partners-01-1.jpg\"\n                width=\"800\"\n                height=\"734\"\n                alt=\"bdo familiebedrijvenboek kwabo &#038; bolster investment partners 01\"\n                class=\"\"\n            \/>\n        <\/picture>\n                    <\/div>\n            \n            \n            \n        <\/div>\n    \n    <div class=\"text-wrapper\">\n        <h2 class=\"title fade-in\">Unsere Geschichte<\/h2>\n        <div class=\"text fade-in\"><p><span style=\"font-weight: 400;\">Das Familienunternehmen Kwabo Techniek B.V. besteht seit 1991 und konzentriert sich auf die Herstellung von qualitativ hochwertigen Abdeckmaterialien, wobei das Vertrauen unserer Partner im Mittelpunkt steht. Dank unserer langj\u00e4hrigen Erfahrung wissen wir genau, welchen extremen Bedingungen Abdeckmaterialien standhalten m\u00fcssen. Deshalb verlassen j\u00e4hrlich mehr als 130 Mio. Quadratmeter Abdeckmaterialien hervorragender Qualit\u00e4t unsere Fabriken. Hergestellt mit nur einem einzigen Ziel: Fu\u00dfb\u00f6den gut, sicher und schnell abdecken.<\/span><\/p>\n<p>&nbsp;<\/p>\n<p><span style=\"font-weight: 400;\">Die hochwertige Qualit\u00e4t in Kombination mit unserer No-Nonsense-Mentalit\u00e4t schafft eine Vertrauensbasis f\u00fcr langfristige Zusammenarbeit f\u00fchrt. Dadurch bleibt die ganze Zulieferkette im Gleichgewicht und ist uns der Aufbau\u00a0 eines vertrauten Netzes von Partnern gelungen , Partner, die l\u00f6sungsorientiert mitdenken <\/span><i><span style=\"font-weight: 400;\">und<\/span><\/i><span style=\"font-weight: 400;\"> wachsen wollen. Vertrauen ist Grundlage jeglicher Gesch\u00e4ftsverbindung \u2013 in diesem Sinne arbeitet unser sachkundiges Team hart daran, Vertrauen zu verdienen, aber mehr noch daran, es zu behalten.<\/span><\/p>\n<\/div>\n        \n                \n        \n            <\/div>\n\n   \n  \n   \n<\/div>\n\n           <\/div>\n\n\n<div class=\"block block-cards-swiper\" data-name=\"Cards swiper\" id=\"block_63c398dd87e6043debd3e5d4734cc7f3\">\n    <div class=\"block\">\n    <div class=\"post-swiper cards-swiper\">\n        <div class=\"container\">\n            <div class=\"text-wrapper\">\n                <h3 class=\"title h3\">Von Produktion bis Auslieferung<\/h3>\n                <div class=\"buttons\">\n                    <div class=\"button-swiper-prev button-swiper\">\n                        <svg xmlns=\"http:\/\/www.w3.org\/2000\/svg\" width=\"23\" height=\"21.075\" viewBox=\"0 0 23 21.075\">\n\t<g id=\"Icon_feather-arrow-right\" data-name=\"Icon feather-arrow-right\" transform=\"translate(-13.319 2.121)\" style=\"isolation: isolate\">\n\t\t<path id=\"Path_11195\" data-name=\"Path 11195\" d=\"M7.5,18h20\" transform=\"translate(7.319 -9.584)\" fill=\"none\" stroke-linecap=\"round\" stroke-linejoin=\"round\" stroke-width=\"3\" \/>\n\t\t<path id=\"Path_11196\" data-name=\"Path 11196\" d=\"M18,7.5l8.416,8.416L18,24.332\" transform=\"translate(8.403 -7.5)\" fill=\"none\" stroke-linecap=\"round\" stroke-linejoin=\"round\" stroke-width=\"3\" \/>\n\t<\/g>\n<\/svg>\n                    <\/div>\n                    <div class=\"button-swiper-next button-swiper\">\n                        <svg xmlns=\"http:\/\/www.w3.org\/2000\/svg\" width=\"23\" height=\"21.075\" viewBox=\"0 0 23 21.075\">\n\t<g id=\"Icon_feather-arrow-right\" data-name=\"Icon feather-arrow-right\" transform=\"translate(-13.319 2.121)\" style=\"isolation: isolate\">\n\t\t<path id=\"Path_11195\" data-name=\"Path 11195\" d=\"M7.5,18h20\" transform=\"translate(7.319 -9.584)\" fill=\"none\" stroke-linecap=\"round\" stroke-linejoin=\"round\" stroke-width=\"3\" \/>\n\t\t<path id=\"Path_11196\" data-name=\"Path 11196\" d=\"M18,7.5l8.416,8.416L18,24.332\" transform=\"translate(8.403 -7.5)\" fill=\"none\" stroke-linecap=\"round\" stroke-linejoin=\"round\" stroke-width=\"3\" \/>\n\t<\/g>\n<\/svg>\n                    <\/div>\n                <\/div>\n            <\/div>\n            <div class=\"swiper-container post-swiper-swiper\">\n                <div class=\"swiper-wrapper\">\n                                            <div class=\"swiper-slide\">\n                            \n<div class=\"card-swiper\">\n    <div class=\"image cover\">\n                <picture>\n            <source media=\"(max-width:600px)\" srcset=\"https:\/\/www.kwabo.nl\/wp-content\/uploads\/2024\/06\/117-800x563.jpg\">\n            <img loading=\"lazy\" decoding=\"async\"\n                src=\"https:\/\/www.kwabo.nl\/wp-content\/uploads\/2024\/06\/117-800x563.jpg\"\n                width=\"800\"\n                height=\"563\"\n                alt=\"117\"\n                class=\"\"\n            \/>\n        <\/picture>\n        <\/div>\n    <div class=\"content\">\n        <div class=\"circle\">\n            <span>\n                1            <\/span>\n        <\/div>\n        <div class=\"title-wrapper\">\n            <p class=\"title\">\n                Rohstoffeinkauf            <\/p>\n            <p class=\"text\">Einsammeln neuer Textilabf\u00e4lle aus der Region<\/p>\n        <\/div>\n    <\/div>\n<\/div>\n\n                        <\/div>\n                                            <div class=\"swiper-slide\">\n                            \n<div class=\"card-swiper\">\n    <div class=\"image cover\">\n                <picture>\n            <source media=\"(max-width:600px)\" srcset=\"https:\/\/www.kwabo.nl\/wp-content\/uploads\/2024\/06\/061-800x646.jpg\">\n            <img loading=\"lazy\" decoding=\"async\"\n                src=\"https:\/\/www.kwabo.nl\/wp-content\/uploads\/2024\/06\/061-800x646.jpg\"\n                width=\"800\"\n                height=\"646\"\n                alt=\"061\"\n                class=\"\"\n            \/>\n        <\/picture>\n        <\/div>\n    <div class=\"content\">\n        <div class=\"circle\">\n            <span>\n                2            <\/span>\n        <\/div>\n        <div class=\"title-wrapper\">\n            <p class=\"title\">\n                Der Rohstoff wird aufbereitet\/bearbeitet            <\/p>\n            <p class=\"text\">Im eigenen Werk recycelt, feinstaubgefiltert<\/p>\n        <\/div>\n    <\/div>\n<\/div>\n\n                        <\/div>\n                                            <div class=\"swiper-slide\">\n                            \n<div class=\"card-swiper\">\n    <div class=\"image cover\">\n                <picture>\n            <source media=\"(max-width:600px)\" srcset=\"https:\/\/www.kwabo.nl\/wp-content\/uploads\/2024\/06\/150-1-800x627.jpg\">\n            <img loading=\"lazy\" decoding=\"async\"\n                src=\"https:\/\/www.kwabo.nl\/wp-content\/uploads\/2024\/06\/150-1-800x627.jpg\"\n                width=\"800\"\n                height=\"627\"\n                alt=\"150\"\n                class=\"\"\n            \/>\n        <\/picture>\n        <\/div>\n    <div class=\"content\">\n        <div class=\"circle\">\n            <span>\n                3            <\/span>\n        <\/div>\n        <div class=\"title-wrapper\">\n            <p class=\"title\">\n                Produktion Non-Woven            <\/p>\n            <p class=\"text\">Unter Einsatz modernster Technologien<\/p>\n        <\/div>\n    <\/div>\n<\/div>\n\n                        <\/div>\n                                            <div class=\"swiper-slide\">\n                            \n<div class=\"card-swiper\">\n    <div class=\"image cover\">\n                <picture>\n            <source media=\"(max-width:600px)\" srcset=\"https:\/\/www.kwabo.nl\/wp-content\/uploads\/2024\/06\/125-800x744.jpg\">\n            <img loading=\"lazy\" decoding=\"async\"\n                src=\"https:\/\/www.kwabo.nl\/wp-content\/uploads\/2024\/06\/125-800x744.jpg\"\n                width=\"800\"\n                height=\"744\"\n                alt=\"125\"\n                class=\"\"\n            \/>\n        <\/picture>\n        <\/div>\n    <div class=\"content\">\n        <div class=\"circle\">\n            <span>\n                4            <\/span>\n        <\/div>\n        <div class=\"title-wrapper\">\n            <p class=\"title\">\n                Rollenwicklung            <\/p>\n            <p class=\"text\">Nach gew\u00fcnschten Vorgaben <\/p>\n        <\/div>\n    <\/div>\n<\/div>\n\n                        <\/div>\n                                            <div class=\"swiper-slide\">\n                            \n<div class=\"card-swiper\">\n    <div class=\"image cover\">\n                <picture>\n            <source media=\"(max-width:600px)\" srcset=\"https:\/\/www.kwabo.nl\/wp-content\/uploads\/2024\/06\/135-800x774.jpg\">\n            <img loading=\"lazy\" decoding=\"async\"\n                src=\"https:\/\/www.kwabo.nl\/wp-content\/uploads\/2024\/06\/135-800x774.jpg\"\n                width=\"800\"\n                height=\"774\"\n                alt=\"135\"\n                class=\"\"\n            \/>\n        <\/picture>\n        <\/div>\n    <div class=\"content\">\n        <div class=\"circle\">\n            <span>\n                5            <\/span>\n        <\/div>\n        <div class=\"title-wrapper\">\n            <p class=\"title\">\n                Qualit\u00e4ts\u00fcberwachung            <\/p>\n            <p class=\"text\">W\u00e4hrend des gesamten Fertigungsprozesses<\/p>\n        <\/div>\n    <\/div>\n<\/div>\n\n                        <\/div>\n                                            <div class=\"swiper-slide\">\n                            \n<div class=\"card-swiper\">\n    <div class=\"image cover\">\n                <picture>\n            <source media=\"(max-width:600px)\" srcset=\"https:\/\/www.kwabo.nl\/wp-content\/uploads\/2024\/06\/029-1-800x800.jpg\">\n            <img loading=\"lazy\" decoding=\"async\"\n                src=\"https:\/\/www.kwabo.nl\/wp-content\/uploads\/2024\/06\/029-1-800x800.jpg\"\n                width=\"800\"\n                height=\"800\"\n                alt=\"029\"\n                class=\"\"\n            \/>\n        <\/picture>\n        <\/div>\n    <div class=\"content\">\n        <div class=\"circle\">\n            <span>\n                6            <\/span>\n        <\/div>\n        <div class=\"title-wrapper\">\n            <p class=\"title\">\n                Warehousing &#038; Transport            <\/p>\n            <p class=\"text\">Mit 50-100% mehr Einheiten je Container<\/p>\n        <\/div>\n    <\/div>\n<\/div>\n\n                        <\/div>\n                                    <\/div>\n                <div class=\"swiper-scrollbar\"><\/div>\n            <\/div>\n        <\/div>\n    <\/div>\n<\/div>\n\n<\/div>\n\n\n<div class=\"block block-cta-banner no-image\" data-name=\"CTA Banner\" id=\"block_ce511d665b3e4e58666cecf1c410b079\">\n    <div class=\"cta-banner container\">\n                <div class=\"col col-content center\">\n            <h2 class=\"title trigger-in-view trigger-opacity\">Wir sind ein weltweit operierendes Unternehmen<\/h2>\n                            <p class=\"text trigger-in-view trigger-opacity\">Unsere Produkte werden weltweit vermarktet, sowohl \u00fcber Baum\u00e4rkte als auch den professionellen Markt. Mit \u00fcber 150 Mitarbeitern und einem umfangreichen Sortiment entsprechen wir jeder Nachfrage auf dem Gebiet von Abdeckmaterialien.<\/p>\n                        <div class=\"button-wrapper trigger-in-view trigger-opacity\">\n                \n            <a class=\"button default arrow\"\n            href=\"https:\/\/www.kwabo.nl\/de\/produkte\/\"\n            target=\"\"\n                    >\n            Unsere Produkte\n                            <svg xmlns=\"http:\/\/www.w3.org\/2000\/svg\" width=\"23\" height=\"21.075\" viewBox=\"0 0 23 21.075\">\n\t<g id=\"Icon_feather-arrow-right\" data-name=\"Icon feather-arrow-right\" transform=\"translate(-13.319 2.121)\" style=\"isolation: isolate\">\n\t\t<path id=\"Path_11195\" data-name=\"Path 11195\" d=\"M7.5,18h20\" transform=\"translate(7.319 -9.584)\" fill=\"none\" stroke-linecap=\"round\" stroke-linejoin=\"round\" stroke-width=\"3\" \/>\n\t\t<path id=\"Path_11196\" data-name=\"Path 11196\" d=\"M18,7.5l8.416,8.416L18,24.332\" transform=\"translate(8.403 -7.5)\" fill=\"none\" stroke-linecap=\"round\" stroke-linejoin=\"round\" stroke-width=\"3\" \/>\n\t<\/g>\n<\/svg>\n                    <\/a>\n    \n                <\/div>\n        <\/div>\n    <\/div>\n<\/div>\n\n<div class=\"core-content heading-content\">\n<h2 class=\"wp-block-heading has-text-align-center\"><\/h2>\n<\/div>\n\n\n<div class=\"block block-usps\" data-name=\"USPs\" id=\"block_020735b4602810c0698035b2704b606e\">\n    <div class=\"usps\">\n        <div class=\"col-content center\">\n            <h2 class=\"title trigger-in-view trigger-opacity\">Qualit\u00e4t und Innovation &#8211; die treibende Kraft hinter unseren Produkten<\/h2>\n                            <p class=\"text trigger-in-view trigger-opacity\">Unsere F&#038;E-Abteilung fokussiert sich auf Innovation und die fortw\u00e4hrende Verbesserung unserer Abdeckmaterialien. Eine konstant hohe Qualit\u00e4t ist ein absolutes Muss und wird w\u00e4hrend des Fertigungsprozesses gr\u00fcndlich \u00fcberwacht.<\/p>\n                        <div class=\"usps-row trigger-in-view trigger-opacity\">\n                                    <div class=\"usp\">\n                        <div class=\"icon\">\n                            <img decoding=\"async\" src=\"https:\/\/www.kwabo.nl\/wp-content\/uploads\/2024\/06\/Group-10.svg\" alt=\"\">\n                        <\/div>\n                        <p class=\"text\">Nachhaltig<\/p>\n                    <\/div>\n                                    <div class=\"usp\">\n                        <div class=\"icon\">\n                            <img decoding=\"async\" src=\"https:\/\/www.kwabo.nl\/wp-content\/uploads\/2024\/06\/check.svg\" alt=\"\">\n                        <\/div>\n                        <p class=\"text\">Qualit\u00e4t<\/p>\n                    <\/div>\n                                    <div class=\"usp\">\n                        <div class=\"icon\">\n                            <img decoding=\"async\" src=\"https:\/\/www.kwabo.nl\/wp-content\/uploads\/2024\/06\/Filter.svg\" alt=\"\">\n                        <\/div>\n                        <p class=\"text\">Feinstaub gefiltert<\/p>\n                    <\/div>\n                                    <div class=\"usp\">\n                        <div class=\"icon\">\n                            <img decoding=\"async\" src=\"https:\/\/www.kwabo.nl\/wp-content\/uploads\/2024\/06\/arrow.svg\" alt=\"\">\n                        <\/div>\n                        <p class=\"text\">50% \u2013 100% mehr Einheiten je Palette<\/p>\n                    <\/div>\n                                    <div class=\"usp\">\n                        <div class=\"icon\">\n                            <img decoding=\"async\" src=\"https:\/\/www.kwabo.nl\/wp-content\/uploads\/2024\/06\/home-1.svg\" alt=\"\">\n                        <\/div>\n                        <p class=\"text\">Eigenfertigung von A bis Z<\/p>\n                    <\/div>\n                            <\/div>\n            <div class=\"button-wrapper trigger-in-view trigger-opacity\">\n                \n            <a class=\"button white arrow\"\n            href=\"https:\/\/www.kwabo.nl\/de\/esg-strategie\/\"\n            target=\"\"\n                    >\n            Pr\u00fcfen Sie unsere ESG-Seite\n                            <svg xmlns=\"http:\/\/www.w3.org\/2000\/svg\" width=\"23\" height=\"21.075\" viewBox=\"0 0 23 21.075\">\n\t<g id=\"Icon_feather-arrow-right\" data-name=\"Icon feather-arrow-right\" transform=\"translate(-13.319 2.121)\" style=\"isolation: isolate\">\n\t\t<path id=\"Path_11195\" data-name=\"Path 11195\" d=\"M7.5,18h20\" transform=\"translate(7.319 -9.584)\" fill=\"none\" stroke-linecap=\"round\" stroke-linejoin=\"round\" stroke-width=\"3\" \/>\n\t\t<path id=\"Path_11196\" data-name=\"Path 11196\" d=\"M18,7.5l8.416,8.416L18,24.332\" transform=\"translate(8.403 -7.5)\" fill=\"none\" stroke-linecap=\"round\" stroke-linejoin=\"round\" stroke-width=\"3\" \/>\n\t<\/g>\n<\/svg>\n                    <\/a>\n    \n                <\/div>\n        <\/div>\n        <div class=\"background\"><\/div>\n    <\/div>\n<\/div>","protected":false},"excerpt":{"rendered":"","protected":false},"author":1,"featured_media":0,"parent":0,"menu_order":0,"comment_status":"closed","ping_status":"closed","template":"","meta":{"_acf_changed":false,"footnotes":""},"class_list":["post-1450","page","type-page","status-publish","hentry"],"acf":[],"yoast_head":"<!-- This site is optimized with the Yoast SEO Premium plugin v27.1 (Yoast SEO v27.5) - https:\/\/yoast.com\/product\/yoast-seo-premium-wordpress\/ -->\n<title>\u00dcber uns - Kwabo<\/title>\n<meta name=\"description\" content=\"Das Familienunternehmen Kwabo Techniek B.V. besteht seit 1991 und konzentriert sich auf die Herstellung hochwertiger und nachhaltiger Abdeckmaterialien.\" \/>\n<meta name=\"robots\" content=\"index, follow, max-snippet:-1, max-image-preview:large, max-video-preview:-1\" \/>\n<link rel=\"canonical\" href=\"https:\/\/www.kwabo.nl\/de\/ueber-uns\/\" \/>\n<meta property=\"og:locale\" content=\"de_DE\" \/>\n<meta property=\"og:type\" content=\"article\" \/>\n<meta property=\"og:title\" content=\"\u00dcber uns\" \/>\n<meta property=\"og:description\" content=\"Das Familienunternehmen Kwabo Techniek B.V. besteht seit 1991 und konzentriert sich auf die Herstellung hochwertiger und nachhaltiger Abdeckmaterialien.\" \/>\n<meta property=\"og:url\" content=\"https:\/\/www.kwabo.nl\/de\/ueber-uns\/\" \/>\n<meta property=\"og:site_name\" content=\"Kwabo\" \/>\n<meta property=\"article:modified_time\" content=\"2024-10-02T13:21:22+00:00\" \/>\n<meta name=\"twitter:card\" content=\"summary_large_image\" \/>\n<script type=\"application\/ld+json\" class=\"yoast-schema-graph\">{\"@context\":\"https:\\\/\\\/schema.org\",\"@graph\":[{\"@type\":\"WebPage\",\"@id\":\"https:\\\/\\\/www.kwabo.nl\\\/de\\\/ueber-uns\\\/\",\"url\":\"https:\\\/\\\/www.kwabo.nl\\\/de\\\/ueber-uns\\\/\",\"name\":\"\u00dcber uns - Kwabo\",\"isPartOf\":{\"@id\":\"https:\\\/\\\/www.kwabo.nl\\\/#website\"},\"datePublished\":\"2024-02-01T14:55:01+00:00\",\"dateModified\":\"2024-10-02T13:21:22+00:00\",\"description\":\"Das Familienunternehmen Kwabo Techniek B.V. besteht seit 1991 und konzentriert sich auf die Herstellung hochwertiger und nachhaltiger Abdeckmaterialien.\",\"breadcrumb\":{\"@id\":\"https:\\\/\\\/www.kwabo.nl\\\/de\\\/ueber-uns\\\/#breadcrumb\"},\"inLanguage\":\"de\",\"potentialAction\":[{\"@type\":\"ReadAction\",\"target\":[\"https:\\\/\\\/www.kwabo.nl\\\/de\\\/ueber-uns\\\/\"]}]},{\"@type\":\"BreadcrumbList\",\"@id\":\"https:\\\/\\\/www.kwabo.nl\\\/de\\\/ueber-uns\\\/#breadcrumb\",\"itemListElement\":[{\"@type\":\"ListItem\",\"position\":1,\"name\":\"Home\",\"item\":\"https:\\\/\\\/www.kwabo.nl\\\/de\\\/\"},{\"@type\":\"ListItem\",\"position\":2,\"name\":\"\u00dcber uns\"}]},{\"@type\":\"WebSite\",\"@id\":\"https:\\\/\\\/www.kwabo.nl\\\/#website\",\"url\":\"https:\\\/\\\/www.kwabo.nl\\\/\",\"name\":\"Kwabo\",\"description\":\"Quality Covers\",\"potentialAction\":[{\"@type\":\"SearchAction\",\"target\":{\"@type\":\"EntryPoint\",\"urlTemplate\":\"https:\\\/\\\/www.kwabo.nl\\\/?s={search_term_string}\"},\"query-input\":{\"@type\":\"PropertyValueSpecification\",\"valueRequired\":true,\"valueName\":\"search_term_string\"}}],\"inLanguage\":\"de\"}]}<\/script>\n<!-- \/ Yoast SEO Premium plugin. -->","yoast_head_json":{"title":"\u00dcber uns - Kwabo","description":"Das Familienunternehmen Kwabo Techniek B.V. besteht seit 1991 und konzentriert sich auf die Herstellung hochwertiger und nachhaltiger Abdeckmaterialien.","robots":{"index":"index","follow":"follow","max-snippet":"max-snippet:-1","max-image-preview":"max-image-preview:large","max-video-preview":"max-video-preview:-1"},"canonical":"https:\/\/www.kwabo.nl\/de\/ueber-uns\/","og_locale":"de_DE","og_type":"article","og_title":"\u00dcber uns","og_description":"Das Familienunternehmen Kwabo Techniek B.V. besteht seit 1991 und konzentriert sich auf die Herstellung hochwertiger und nachhaltiger Abdeckmaterialien.","og_url":"https:\/\/www.kwabo.nl\/de\/ueber-uns\/","og_site_name":"Kwabo","article_modified_time":"2024-10-02T13:21:22+00:00","twitter_card":"summary_large_image","schema":{"@context":"https:\/\/schema.org","@graph":[{"@type":"WebPage","@id":"https:\/\/www.kwabo.nl\/de\/ueber-uns\/","url":"https:\/\/www.kwabo.nl\/de\/ueber-uns\/","name":"\u00dcber uns - Kwabo","isPartOf":{"@id":"https:\/\/www.kwabo.nl\/#website"},"datePublished":"2024-02-01T14:55:01+00:00","dateModified":"2024-10-02T13:21:22+00:00","description":"Das Familienunternehmen Kwabo Techniek B.V. besteht seit 1991 und konzentriert sich auf die Herstellung hochwertiger und nachhaltiger Abdeckmaterialien.","breadcrumb":{"@id":"https:\/\/www.kwabo.nl\/de\/ueber-uns\/#breadcrumb"},"inLanguage":"de","potentialAction":[{"@type":"ReadAction","target":["https:\/\/www.kwabo.nl\/de\/ueber-uns\/"]}]},{"@type":"BreadcrumbList","@id":"https:\/\/www.kwabo.nl\/de\/ueber-uns\/#breadcrumb","itemListElement":[{"@type":"ListItem","position":1,"name":"Home","item":"https:\/\/www.kwabo.nl\/de\/"},{"@type":"ListItem","position":2,"name":"\u00dcber uns"}]},{"@type":"WebSite","@id":"https:\/\/www.kwabo.nl\/#website","url":"https:\/\/www.kwabo.nl\/","name":"Kwabo","description":"Quality Covers","potentialAction":[{"@type":"SearchAction","target":{"@type":"EntryPoint","urlTemplate":"https:\/\/www.kwabo.nl\/?s={search_term_string}"},"query-input":{"@type":"PropertyValueSpecification","valueRequired":true,"valueName":"search_term_string"}}],"inLanguage":"de"}]}},"_links":{"self":[{"href":"https:\/\/www.kwabo.nl\/de\/wp-json\/wp\/v2\/pages\/1450","targetHints":{"allow":["GET"]}}],"collection":[{"href":"https:\/\/www.kwabo.nl\/de\/wp-json\/wp\/v2\/pages"}],"about":[{"href":"https:\/\/www.kwabo.nl\/de\/wp-json\/wp\/v2\/types\/page"}],"author":[{"embeddable":true,"href":"https:\/\/www.kwabo.nl\/de\/wp-json\/wp\/v2\/users\/1"}],"replies":[{"embeddable":true,"href":"https:\/\/www.kwabo.nl\/de\/wp-json\/wp\/v2\/comments?post=1450"}],"version-history":[{"count":3,"href":"https:\/\/www.kwabo.nl\/de\/wp-json\/wp\/v2\/pages\/1450\/revisions"}],"predecessor-version":[{"id":1578,"href":"https:\/\/www.kwabo.nl\/de\/wp-json\/wp\/v2\/pages\/1450\/revisions\/1578"}],"wp:attachment":[{"href":"https:\/\/www.kwabo.nl\/de\/wp-json\/wp\/v2\/media?parent=1450"}],"curies":[{"name":"wp","href":"https:\/\/api.w.org\/{rel}","templated":true}]}}