{"id":1474,"date":"2024-07-15T14:20:05","date_gmt":"2024-07-15T12:20:05","guid":{"rendered":"https:\/\/www.kwabo.nl\/product-groep-stucloper\/"},"modified":"2025-03-20T10:24:05","modified_gmt":"2025-03-20T09:24:05","slug":"milchtuetenpapier","status":"publish","type":"page","link":"https:\/\/www.kwabo.nl\/de\/milchtuetenpapier\/","title":{"rendered":"Milcht\u00fctenpapier"},"content":{"rendered":"\n<div class=\"block trigger-in-view block-image-text no-background parallax\" data-name=\"Image &#038; Text\" id=\"block_b36156564fe957a8a2011eccc261a44e\">\n    <div class=\"image-text container\">\n            <div class=\"image-wrapper\">\n\n                            <div class=\"image image-single\">\n                            <picture>\n            <source media=\"(max-width:600px)\" srcset=\"https:\/\/www.kwabo.nl\/wp-content\/uploads\/2025\/02\/Milchtutenpapier-800x533.jpg\">\n            <img loading=\"lazy\" decoding=\"async\"\n                src=\"https:\/\/www.kwabo.nl\/wp-content\/uploads\/2025\/02\/Milchtutenpapier-1200x800.jpg\"\n                width=\"800\"\n                height=\"533\"\n                alt=\"milcht\u00fctenpapier\"\n                class=\"\"\n            \/>\n        <\/picture>\n                    <\/div>\n            \n            \n            \n        <\/div>\n    \n    <div class=\"text-wrapper\">\n        <h2 class=\"title fade-in\">\u00dcber Milcht\u00fctenpapier<\/h2>\n        <div class=\"text fade-in\"><p><span style=\"font-weight: 400;\">Milcht\u00fctenpapier ist ein hochwertiges und zum Schutz von Fu\u00dfb\u00f6den bei Bau- und Sanierungsarbeiten entwickeltes Abdeckmaterial. Unser st\u00e4rkstes Abdeckmaterial ist vor allem f\u00fcr seine schwere Belastbarkeit, hohe Durchstichfestigkeit und konstante Qualit\u00e4t bekannt, sodass Sch\u00e4den durch Schmutz, Farbe, Feuchtigkeit und mechanische Belastung vermieden werden. Der Einsatz von Milcht\u00fctenpapier steht f\u00fcr einen sauberen und sicheren Arbeitsuntergrund, selbst bei Arbeiten in Nassr\u00e4umen.<\/span><\/p>\n<\/div>\n        \n                \n        \n            <\/div>\n\n   \n  \n   \n<\/div>\n\n           <\/div>\n\n\n<div class=\"block block-related-products three-columns no-background\" data-name=\"Related products\" id=\"block_fb6113edbeecbc4f0370077199f5e7fc\">\n    \n<div class=\"related-products trigger-in-view-later\">\n    <div class=\"container\">\n                    <h3 class=\"title fade-in\">Angebot f\u00fcr Milcht\u00fctenpapier<\/h2>\n        \n        <div class=\"swiper-container related-products-swiper\">\n            <div class=\"swiper-wrapper\">\n                                    <div class=\"swiper-slide\">\n                        \n<a class=\"card-product card-product-animated\" href=\"https:\/\/www.kwabo.nl\/de\/product\/milchtuetenpapier\/\">\n    <div class=\"image figure-animated-down\" style=\"--delay: 0.5s\" data-key=\"\">\n        <div class=\"figure-outer\">\n            <div class=\"figure-inner\">\n                                            <picture>\n            <source media=\"(max-width:600px)\" srcset=\"https:\/\/www.kwabo.nl\/wp-content\/uploads\/2024\/05\/Stucloper-2-1-800x695.jpg\">\n            <img loading=\"lazy\" decoding=\"async\"\n                src=\"https:\/\/www.kwabo.nl\/wp-content\/uploads\/2024\/05\/Stucloper-2-1-1200x1043.jpg\"\n                width=\"800\"\n                height=\"695\"\n                alt=\"stucloper het sterkste afdekmateriaal voor vloeren binnen- en buitenshuis.\"\n                class=\"\"\n            \/>\n        <\/picture>\n                                <\/div>\n        <\/div>\n    <\/div>\n    <span class=\"card-title\">Milcht\u00fctenpapier<\/span>\n            <p class=\"text\">Milcht\u00fctenpapier ist unser leistungsst\u00e4rkstes Abdeckmaterial und f\u00fcr Fu\u00dfb\u00f6den innerhalb und au?&#8230;<\/p>\n    <\/a>                    <\/div>\n                                    <div class=\"swiper-slide\">\n                        \n<a class=\"card-product card-product-animated\" href=\"https:\/\/www.kwabo.nl\/de\/product\/eco-greenboard\/\">\n    <div class=\"image figure-animated-down\" style=\"--delay: 0.7s\" data-key=\"\">\n        <div class=\"figure-outer\">\n            <div class=\"figure-inner\">\n                                            <picture>\n            <source media=\"(max-width:600px)\" srcset=\"https:\/\/www.kwabo.nl\/wp-content\/uploads\/2024\/05\/greenboard_eco-800x696.jpg\">\n            <img loading=\"lazy\" decoding=\"async\"\n                src=\"https:\/\/www.kwabo.nl\/wp-content\/uploads\/2024\/05\/greenboard_eco-1200x1044.jpg\"\n                width=\"800\"\n                height=\"696\"\n                alt=\"greenboard eco\"\n                class=\"\"\n            \/>\n        <\/picture>\n                                <\/div>\n        <\/div>\n    <\/div>\n    <span class=\"card-title\">Eco Greenboard<\/span>\n            <p class=\"text\">Eco Greenboard ist die benutzerfreundliche Alternative f\u00fcr den Fu\u00dfbodenschutz in Trockenr\u00e4umen. D&#8230;<\/p>\n    <\/a>                    <\/div>\n                                    <div class=\"swiper-slide\">\n                        \n<a class=\"card-product card-product-animated\" href=\"https:\/\/www.kwabo.nl\/de\/product\/milchtuetenpapier-boegen\/\">\n    <div class=\"image figure-animated-down\" style=\"--delay: 0.9s\" data-key=\"\">\n        <div class=\"figure-outer\">\n            <div class=\"figure-inner\">\n                                            <picture>\n            <source media=\"(max-width:600px)\" srcset=\"https:\/\/www.kwabo.nl\/wp-content\/uploads\/2024\/05\/milchtutenpapier_bogen-800x533.jpg\">\n            <img loading=\"lazy\" decoding=\"async\"\n                src=\"https:\/\/www.kwabo.nl\/wp-content\/uploads\/2024\/05\/milchtutenpapier_bogen-1200x800.jpg\"\n                width=\"800\"\n                height=\"533\"\n                alt=\"milcht\u00fctenpapier b\u00f6gen\"\n                class=\"\"\n            \/>\n        <\/picture>\n                                <\/div>\n        <\/div>\n    <\/div>\n    <span class=\"card-title\">Milcht\u00fctenpapier B\u00f6gen<\/span>\n            <p class=\"text\">Milcht\u00fctenpapier B\u00f6gen sind die ideale L\u00f6sung f\u00fcr kleinere Arbeiten in beengten Verh\u00e4ltnissen. &#8230;<\/p>\n    <\/a>                    <\/div>\n                            <\/div>\n        <\/div>\n\n        <nav class=\"pagination custom-pagination\">\n            <div class=\"swiper-pagination swiper-pagination-white\"><\/div>\n        <\/nav>\n    <\/div>\n<\/div><\/div>\n\n\n<div class=\"block trigger-in-view block-image-text no-background image-right parallax\" data-name=\"Image &#038; Text\" id=\"block_4391616c0d54851742bfec565570dd39\">\n    <div class=\"image-text container\">\n            <div class=\"image-wrapper\">\n\n                            <div class=\"image image-single\">\n                            <picture>\n            <source media=\"(max-width:600px)\" srcset=\"https:\/\/www.kwabo.nl\/wp-content\/uploads\/2025\/03\/milchtuetenpapier_vorteile-800x533.jpg\">\n            <img loading=\"lazy\" decoding=\"async\"\n                src=\"https:\/\/www.kwabo.nl\/wp-content\/uploads\/2025\/03\/milchtuetenpapier_vorteile-1200x800.jpg\"\n                width=\"800\"\n                height=\"533\"\n                alt=\"milchtuetenpapier vorteile\"\n                class=\"\"\n            \/>\n        <\/picture>\n                    <\/div>\n            \n            \n            \n        <\/div>\n    \n    <div class=\"text-wrapper\">\n        <h2 class=\"title fade-in\">Eigenschaften und Vorteile von Milcht\u00fctenpapier<\/h2>\n        <div class=\"text fade-in\"><p>Milcht\u00fctenpapier \u00fcberzeugt durch seine Robustheit und Langlebigkeit. Es bietet zuverl\u00e4ssigen Schutz f\u00fcr verschiedene Untergr\u00fcnde, sowohl im Innen- als auch im Au\u00dfenbereich. Dank seiner beidseitigen PE-Beschichtung ist das Papier wasserabweisend und widersteht Feuchtigkeit, was es ideal f\u00fcr den Einsatz in Nassbereichen macht. Zudem l\u00e4sst es sich einfach zuschneiden und schnell auslegen, wodurch es besonders benutzerfreundlich ist.<\/p>\n<p>Ein weiterer gro\u00dfer Vorteil ist die Nachhaltigkeit. Milcht\u00fctenpapier kann mehrfach verwendet werden, da es leicht zu reinigen ist, und tr\u00e4gt durch seine biologische Abbaubarkeit zu einem umweltfreundlicheren Bauprozess bei. Diese Eigenschaften machen es zu einer effizienten und nachhaltigen L\u00f6sung f\u00fcr den Schutz von B\u00f6den bei Bau- und Renovierungsarbeiten. Lassen Sie sich von unseren hochwertigen Produkten \u00fcberzeugen und fordern Sie jetzt ein unverbindliches <a href=\"https:\/\/www.kwabo.nl\/de\/kontakt\/\">Angebot<\/a> an!<\/p>\n<\/div>\n        \n                \n        \n            <\/div>\n\n   \n  \n   \n<\/div>\n\n           <\/div>\n\n\n<div class=\"block trigger-in-view block-image-text no-background parallax\" data-name=\"Image &#038; Text\" id=\"block_ecd1e9b41eceb716e621cfd06aad976d\">\n    <div class=\"image-text container\">\n            <div class=\"image-wrapper\">\n\n                            <div class=\"image image-single\">\n                            <picture>\n            <source media=\"(max-width:600px)\" srcset=\"https:\/\/www.kwabo.nl\/wp-content\/uploads\/2024\/06\/150-2-800x800.jpg\">\n            <img loading=\"lazy\" decoding=\"async\"\n                src=\"https:\/\/www.kwabo.nl\/wp-content\/uploads\/2024\/06\/150-2.jpg\"\n                width=\"800\"\n                height=\"800\"\n                alt=\"kwabo's innovatieve technische afdeling.\"\n                class=\"\"\n            \/>\n        <\/picture>\n                    <\/div>\n            \n            \n            \n        <\/div>\n    \n    <div class=\"text-wrapper\">\n        <h2 class=\"title fade-in\">Kluge L\u00f6sungen, gr\u00fcne Ergebnisse<\/h2>\n        <div class=\"text fade-in\"><p><span style=\"font-weight: 400;\">Unsere technische Abteilung erreicht dank kreativer Innovationen gro\u00dfe Fortschritte beim Thema Nachhaltigkeit. Durch unsere effiziente Rollenwicklung enthalten unsere Paletten bis zu 50% mehr Rollen als die der Mitbewerber. Neben erheblichen Einsparungen bei Logistik und Lagerkosten erreichen wir so in der gesamten Lieferkette eine signifikante Reduzierung des CO2-Aussto\u00dfes.<\/span><\/p>\n<\/div>\n        \n                \n        \n                <div class=\"button-wrapper fade-in\">\n                            \n            <a class=\"button ghost arrow\"\n            href=\"https:\/\/www.kwabo.nl\/de\/esg-strategie\/\"\n            target=\"\"\n                    >\n            Mehr erfahren\n                            <svg xmlns=\"http:\/\/www.w3.org\/2000\/svg\" width=\"23\" height=\"21.075\" viewBox=\"0 0 23 21.075\">\n\t<g id=\"Icon_feather-arrow-right\" data-name=\"Icon feather-arrow-right\" transform=\"translate(-13.319 2.121)\" style=\"isolation: isolate\">\n\t\t<path id=\"Path_11195\" data-name=\"Path 11195\" d=\"M7.5,18h20\" transform=\"translate(7.319 -9.584)\" fill=\"none\" stroke-linecap=\"round\" stroke-linejoin=\"round\" stroke-width=\"3\" \/>\n\t\t<path id=\"Path_11196\" data-name=\"Path 11196\" d=\"M18,7.5l8.416,8.416L18,24.332\" transform=\"translate(8.403 -7.5)\" fill=\"none\" stroke-linecap=\"round\" stroke-linejoin=\"round\" stroke-width=\"3\" \/>\n\t<\/g>\n<\/svg>\n                    <\/a>\n    \n                                    <\/div>\n            <\/div>\n\n   \n  \n   \n<\/div>\n\n           <\/div>\n\n\n<div class=\"block block-usps\" data-name=\"USPs\" id=\"block_da75d931f3a7d26238ec2e44ef8a3e56\">\n    <div class=\"usps\">\n        <div class=\"col-content center\">\n            <h2 class=\"title trigger-in-view trigger-opacity\">Hier verbinden sich Qualit\u00e4t und Innovation<\/h2>\n                            <p class=\"text trigger-in-view trigger-opacity\">Eine saubere und sichere Arbeitsumgebung f\u00fcr Endverbraucher verdient h\u00f6chste Priorit\u00e4t. Durch Einsatz hochwertiger Rohstoffe und zukunftsweisender Fertigungstechniken liefern wir ausschlie\u00dflich Abdeckmaterialien von Spitzenqualit\u00e4t. Kennzeichen einmal eingef\u00fchrter Quality Covers sind eine lange Nutzungsdauer sowie einfache Verarbeitung und demzufolge ein gesch\u00fctzter und sauberer Arbeitsuntergrund.<\/p>\n                        <div class=\"usps-row trigger-in-view trigger-opacity\">\n                                    <div class=\"usp\">\n                        <div class=\"icon\">\n                            <img decoding=\"async\" src=\"https:\/\/www.kwabo.nl\/wp-content\/uploads\/2024\/06\/Group-10.svg\" alt=\"\">\n                        <\/div>\n                        <p class=\"text\">Nachhaltig<\/p>\n                    <\/div>\n                                    <div class=\"usp\">\n                        <div class=\"icon\">\n                            <img decoding=\"async\" src=\"https:\/\/www.kwabo.nl\/wp-content\/uploads\/2024\/06\/check.svg\" alt=\"\">\n                        <\/div>\n                        <p class=\"text\">Qualit\u00e4tsprodukte<\/p>\n                    <\/div>\n                                    <div class=\"usp\">\n                        <div class=\"icon\">\n                            <img decoding=\"async\" src=\"https:\/\/www.kwabo.nl\/wp-content\/uploads\/2024\/06\/Filter.svg\" alt=\"\">\n                        <\/div>\n                        <p class=\"text\">Feinstaub gefiltert<\/p>\n                    <\/div>\n                                    <div class=\"usp\">\n                        <div class=\"icon\">\n                            <img decoding=\"async\" src=\"https:\/\/www.kwabo.nl\/wp-content\/uploads\/2024\/06\/arrow.svg\" alt=\"\">\n                        <\/div>\n                        <p class=\"text\">50% bis 100% mehr Einheiten je Palette<\/p>\n                    <\/div>\n                                    <div class=\"usp\">\n                        <div class=\"icon\">\n                            <img decoding=\"async\" src=\"https:\/\/www.kwabo.nl\/wp-content\/uploads\/2024\/06\/home-1.svg\" alt=\"\">\n                        <\/div>\n                        <p class=\"text\">Eigenfertigung von A bis Z<\/p>\n                    <\/div>\n                            <\/div>\n            <div class=\"button-wrapper trigger-in-view trigger-opacity\">\n                            <\/div>\n        <\/div>\n        <div class=\"background\"><\/div>\n    <\/div>\n<\/div>","protected":false},"excerpt":{"rendered":"","protected":false},"author":1,"featured_media":0,"parent":0,"menu_order":0,"comment_status":"closed","ping_status":"closed","template":"","meta":{"_acf_changed":false,"footnotes":""},"class_list":["post-1474","page","type-page","status-publish","hentry"],"acf":[],"yoast_head":"<!-- This site is optimized with the Yoast SEO Premium plugin v27.1 (Yoast SEO v27.6) - https:\/\/yoast.com\/product\/yoast-seo-premium-wordpress\/ -->\n<title>Milcht\u00fctenpapier: Hochwertig &amp; Zuverl\u00e4ssig | Angebot<\/title>\n<meta name=\"description\" content=\"Milcht\u00fctenpapier ist hochbelastbar, besonders durchsto\u00dffest und sch\u00fctzt B\u00f6den vor Schmutz, Farbe sowie Feuchtigkeit. Jetzt Angebot anfordern.\" \/>\n<meta name=\"robots\" content=\"index, follow, max-snippet:-1, max-image-preview:large, max-video-preview:-1\" \/>\n<link rel=\"canonical\" href=\"https:\/\/www.kwabo.nl\/de\/milchtuetenpapier\/\" \/>\n<meta property=\"og:locale\" content=\"de_DE\" \/>\n<meta property=\"og:type\" content=\"article\" \/>\n<meta property=\"og:title\" content=\"Milcht\u00fctenpapier\" \/>\n<meta property=\"og:description\" content=\"Milcht\u00fctenpapier ist hochbelastbar, besonders durchsto\u00dffest und sch\u00fctzt B\u00f6den vor Schmutz, Farbe sowie Feuchtigkeit. Jetzt Angebot anfordern.\" \/>\n<meta property=\"og:url\" content=\"https:\/\/www.kwabo.nl\/de\/milchtuetenpapier\/\" \/>\n<meta property=\"og:site_name\" content=\"Kwabo\" \/>\n<meta property=\"article:modified_time\" content=\"2025-03-20T09:24:05+00:00\" \/>\n<meta name=\"twitter:card\" content=\"summary_large_image\" \/>\n<script type=\"application\/ld+json\" class=\"yoast-schema-graph\">{\"@context\":\"https:\\\/\\\/schema.org\",\"@graph\":[{\"@type\":\"WebPage\",\"@id\":\"https:\\\/\\\/www.kwabo.nl\\\/de\\\/milchtuetenpapier\\\/\",\"url\":\"https:\\\/\\\/www.kwabo.nl\\\/de\\\/milchtuetenpapier\\\/\",\"name\":\"Milcht\u00fctenpapier: Hochwertig & Zuverl\u00e4ssig | Angebot\",\"isPartOf\":{\"@id\":\"https:\\\/\\\/www.kwabo.nl\\\/#website\"},\"datePublished\":\"2024-07-15T12:20:05+00:00\",\"dateModified\":\"2025-03-20T09:24:05+00:00\",\"description\":\"Milcht\u00fctenpapier ist hochbelastbar, besonders durchsto\u00dffest und sch\u00fctzt B\u00f6den vor Schmutz, Farbe sowie Feuchtigkeit. Jetzt Angebot anfordern.\",\"breadcrumb\":{\"@id\":\"https:\\\/\\\/www.kwabo.nl\\\/de\\\/milchtuetenpapier\\\/#breadcrumb\"},\"inLanguage\":\"de\",\"potentialAction\":[{\"@type\":\"ReadAction\",\"target\":[\"https:\\\/\\\/www.kwabo.nl\\\/de\\\/milchtuetenpapier\\\/\"]}]},{\"@type\":\"BreadcrumbList\",\"@id\":\"https:\\\/\\\/www.kwabo.nl\\\/de\\\/milchtuetenpapier\\\/#breadcrumb\",\"itemListElement\":[{\"@type\":\"ListItem\",\"position\":1,\"name\":\"Home\",\"item\":\"https:\\\/\\\/www.kwabo.nl\\\/de\\\/\"},{\"@type\":\"ListItem\",\"position\":2,\"name\":\"Milcht\u00fctenpapier\"}]},{\"@type\":\"WebSite\",\"@id\":\"https:\\\/\\\/www.kwabo.nl\\\/#website\",\"url\":\"https:\\\/\\\/www.kwabo.nl\\\/\",\"name\":\"Kwabo\",\"description\":\"Quality Covers\",\"potentialAction\":[{\"@type\":\"SearchAction\",\"target\":{\"@type\":\"EntryPoint\",\"urlTemplate\":\"https:\\\/\\\/www.kwabo.nl\\\/?s={search_term_string}\"},\"query-input\":{\"@type\":\"PropertyValueSpecification\",\"valueRequired\":true,\"valueName\":\"search_term_string\"}}],\"inLanguage\":\"de\"}]}<\/script>\n<!-- \/ Yoast SEO Premium plugin. -->","yoast_head_json":{"title":"Milcht\u00fctenpapier: Hochwertig & Zuverl\u00e4ssig | Angebot","description":"Milcht\u00fctenpapier ist hochbelastbar, besonders durchsto\u00dffest und sch\u00fctzt B\u00f6den vor Schmutz, Farbe sowie Feuchtigkeit. Jetzt Angebot anfordern.","robots":{"index":"index","follow":"follow","max-snippet":"max-snippet:-1","max-image-preview":"max-image-preview:large","max-video-preview":"max-video-preview:-1"},"canonical":"https:\/\/www.kwabo.nl\/de\/milchtuetenpapier\/","og_locale":"de_DE","og_type":"article","og_title":"Milcht\u00fctenpapier","og_description":"Milcht\u00fctenpapier ist hochbelastbar, besonders durchsto\u00dffest und sch\u00fctzt B\u00f6den vor Schmutz, Farbe sowie Feuchtigkeit. Jetzt Angebot anfordern.","og_url":"https:\/\/www.kwabo.nl\/de\/milchtuetenpapier\/","og_site_name":"Kwabo","article_modified_time":"2025-03-20T09:24:05+00:00","twitter_card":"summary_large_image","schema":{"@context":"https:\/\/schema.org","@graph":[{"@type":"WebPage","@id":"https:\/\/www.kwabo.nl\/de\/milchtuetenpapier\/","url":"https:\/\/www.kwabo.nl\/de\/milchtuetenpapier\/","name":"Milcht\u00fctenpapier: Hochwertig & Zuverl\u00e4ssig | Angebot","isPartOf":{"@id":"https:\/\/www.kwabo.nl\/#website"},"datePublished":"2024-07-15T12:20:05+00:00","dateModified":"2025-03-20T09:24:05+00:00","description":"Milcht\u00fctenpapier ist hochbelastbar, besonders durchsto\u00dffest und sch\u00fctzt B\u00f6den vor Schmutz, Farbe sowie Feuchtigkeit. Jetzt Angebot anfordern.","breadcrumb":{"@id":"https:\/\/www.kwabo.nl\/de\/milchtuetenpapier\/#breadcrumb"},"inLanguage":"de","potentialAction":[{"@type":"ReadAction","target":["https:\/\/www.kwabo.nl\/de\/milchtuetenpapier\/"]}]},{"@type":"BreadcrumbList","@id":"https:\/\/www.kwabo.nl\/de\/milchtuetenpapier\/#breadcrumb","itemListElement":[{"@type":"ListItem","position":1,"name":"Home","item":"https:\/\/www.kwabo.nl\/de\/"},{"@type":"ListItem","position":2,"name":"Milcht\u00fctenpapier"}]},{"@type":"WebSite","@id":"https:\/\/www.kwabo.nl\/#website","url":"https:\/\/www.kwabo.nl\/","name":"Kwabo","description":"Quality Covers","potentialAction":[{"@type":"SearchAction","target":{"@type":"EntryPoint","urlTemplate":"https:\/\/www.kwabo.nl\/?s={search_term_string}"},"query-input":{"@type":"PropertyValueSpecification","valueRequired":true,"valueName":"search_term_string"}}],"inLanguage":"de"}]}},"_links":{"self":[{"href":"https:\/\/www.kwabo.nl\/de\/wp-json\/wp\/v2\/pages\/1474","targetHints":{"allow":["GET"]}}],"collection":[{"href":"https:\/\/www.kwabo.nl\/de\/wp-json\/wp\/v2\/pages"}],"about":[{"href":"https:\/\/www.kwabo.nl\/de\/wp-json\/wp\/v2\/types\/page"}],"author":[{"embeddable":true,"href":"https:\/\/www.kwabo.nl\/de\/wp-json\/wp\/v2\/users\/1"}],"replies":[{"embeddable":true,"href":"https:\/\/www.kwabo.nl\/de\/wp-json\/wp\/v2\/comments?post=1474"}],"version-history":[{"count":8,"href":"https:\/\/www.kwabo.nl\/de\/wp-json\/wp\/v2\/pages\/1474\/revisions"}],"predecessor-version":[{"id":1950,"href":"https:\/\/www.kwabo.nl\/de\/wp-json\/wp\/v2\/pages\/1474\/revisions\/1950"}],"wp:attachment":[{"href":"https:\/\/www.kwabo.nl\/de\/wp-json\/wp\/v2\/media?parent=1474"}],"curies":[{"name":"wp","href":"https:\/\/api.w.org\/{rel}","templated":true}]}}