{"id":1478,"date":"2024-07-15T14:52:29","date_gmt":"2024-07-15T12:52:29","guid":{"rendered":"https:\/\/www.kwabo.nl\/productgroep-zelfklevend-vlies\/"},"modified":"2025-07-03T14:42:40","modified_gmt":"2025-07-03T12:42:40","slug":"selbstklebendes-vlies","status":"publish","type":"page","link":"https:\/\/www.kwabo.nl\/de\/selbstklebendes-vlies\/","title":{"rendered":"Selbstklebendes Vlies"},"content":{"rendered":"\n<div class=\"block trigger-in-view block-image-text no-background parallax\" data-name=\"Image &#038; Text\" id=\"block_67efa9bc9b7ad31ac2095accb394f2fc\">\n    <div class=\"image-text container\">\n            <div class=\"image-wrapper\">\n\n                            <div class=\"image image-single\">\n                            <picture>\n            <source media=\"(max-width:600px)\" srcset=\"https:\/\/www.kwabo.nl\/wp-content\/uploads\/2025\/02\/selbstklebendes_vlies-800x875.jpg\">\n            <img loading=\"lazy\" decoding=\"async\"\n                src=\"https:\/\/www.kwabo.nl\/wp-content\/uploads\/2025\/02\/selbstklebendes_vlies-1200x1312.jpg\"\n                width=\"800\"\n                height=\"875\"\n                alt=\"selbstklebendes vlies\"\n                class=\"\"\n            \/>\n        <\/picture>\n                    <\/div>\n            \n            \n            \n        <\/div>\n    \n    <div class=\"text-wrapper\">\n        <h2 class=\"title fade-in\">Selbstklebendes Vlies: Einfach und sicher<\/h2>\n        <div class=\"text fade-in\"><p data-start=\"34\" data-end=\"305\">Selbstklebendes Vlies von Quality Covers zeichnet sich durch hohen Nutzungskomfort und Sicherheit aus. Die selbstklebende Unterseite erm\u00f6glicht eine schnelle Verarbeitung, w\u00e4hrend die rutschfeste Oberseite zus\u00e4tzliche Sicherheit auf dem Arbeitsuntergrund gew\u00e4hrleistet.<\/p>\n<p data-start=\"307\" data-end=\"594\" data-is-last-node=\"\" data-is-only-node=\"\">Das Top Coat ist in verschiedenen Abmessungen erh\u00e4ltlich. <a href=\"https:\/\/www.kwabo.nl\/de\/product\/atemvlies\/\">Atemvlies<\/a> ist die einzigartige Alternative f\u00fcr Untergr\u00fcnde, die noch trocknen, aush\u00e4rten oder atmen m\u00fcssen. Innerhalb des Sortiments von Quality Covers finden Sie f\u00fcr Ihren konkreten Bedarf stets ein geeignetes Non-Woven-Produkt.<\/p>\n<p data-start=\"307\" data-end=\"594\" data-is-last-node=\"\" data-is-only-node=\"\">Dank der hochwertigen Materialien ist selbstklebendes Vlies langlebig und widerstandsf\u00e4hig. Es eignet sich ideal f\u00fcr den Einsatz in verschiedenen Arbeitsbereichen, sowohl im Innen- als auch im Au\u00dfenbereich.<\/p>\n<\/div>\n        \n                \n        \n            <\/div>\n\n   \n  \n   \n<\/div>\n\n           <\/div>\n\n\n<div class=\"block block-related-products three-columns no-background\" data-name=\"Related products\" id=\"block_70f642f3f7794c38f826348bd526a50d\">\n    \n<div class=\"related-products trigger-in-view-later\">\n    <div class=\"container\">\n                    <h3 class=\"title fade-in\">Angebot f\u00fcr selbstklebendes Vlies<\/h2>\n        \n        <div class=\"swiper-container related-products-swiper\">\n            <div class=\"swiper-wrapper\">\n                                    <div class=\"swiper-slide\">\n                        \n<a class=\"card-product card-product-animated\" href=\"https:\/\/www.kwabo.nl\/de\/product\/top-sorb\/\">\n    <div class=\"image figure-animated-down\" style=\"--delay: 0.5s\" data-key=\"\">\n        <div class=\"figure-outer\">\n            <div class=\"figure-inner\">\n                                            <picture>\n            <source media=\"(max-width:600px)\" srcset=\"https:\/\/www.kwabo.nl\/wp-content\/uploads\/2025\/03\/Top_sorb-800x533.jpg\">\n            <img loading=\"lazy\" decoding=\"async\"\n                src=\"https:\/\/www.kwabo.nl\/wp-content\/uploads\/2025\/03\/Top_sorb-1200x800.jpg\"\n                width=\"800\"\n                height=\"533\"\n                alt=\"top sorb\"\n                class=\"\"\n            \/>\n        <\/picture>\n                                <\/div>\n        <\/div>\n    <\/div>\n    <span class=\"card-title\">Top Sorb<\/span>\n            <p class=\"text\">Top Sorb ist ein selbstklebendes Non-Woven-Abdeckmaterial, das Benutzerfreundlichkeit mit optimaler &#8230;<\/p>\n    <\/a>                    <\/div>\n                                    <div class=\"swiper-slide\">\n                        \n<a class=\"card-product card-product-animated\" href=\"https:\/\/www.kwabo.nl\/de\/product\/softbreath-diffusionsoffen\/\">\n    <div class=\"image figure-animated-down\" style=\"--delay: 0.7s\" data-key=\"\">\n        <div class=\"figure-outer\">\n            <div class=\"figure-inner\">\n                                            <picture>\n            <source media=\"(max-width:600px)\" srcset=\"https:\/\/www.kwabo.nl\/wp-content\/uploads\/2025\/01\/softbreath_diffusionsoffen_vlies-800x533.jpg\">\n            <img loading=\"lazy\" decoding=\"async\"\n                src=\"https:\/\/www.kwabo.nl\/wp-content\/uploads\/2025\/01\/softbreath_diffusionsoffen_vlies-1200x800.jpg\"\n                width=\"800\"\n                height=\"533\"\n                alt=\"softbreath diffusionsoffen vlies\"\n                class=\"\"\n            \/>\n        <\/picture>\n                                <\/div>\n        <\/div>\n    <\/div>\n    <span class=\"card-title\">Softbreath Diffusionsoffen Vlies<\/span>\n            <p class=\"text\">Quality Covers Softbreath ist ein selbstklebendes und leicht atmungsaktives Abdeckmaterial. Dank des&#8230;<\/p>\n    <\/a>                    <\/div>\n                                    <div class=\"swiper-slide\">\n                        \n<a class=\"card-product card-product-animated\" href=\"https:\/\/www.kwabo.nl\/de\/product\/top-coat\/\">\n    <div class=\"image figure-animated-down\" style=\"--delay: 0.9s\" data-key=\"\">\n        <div class=\"figure-outer\">\n            <div class=\"figure-inner\">\n                                            <picture>\n            <source media=\"(max-width:600px)\" srcset=\"https:\/\/www.kwabo.nl\/wp-content\/uploads\/2024\/08\/Top_coat-800x695.jpg\">\n            <img loading=\"lazy\" decoding=\"async\"\n                src=\"https:\/\/www.kwabo.nl\/wp-content\/uploads\/2024\/08\/Top_coat-1200x1043.jpg\"\n                width=\"800\"\n                height=\"695\"\n                alt=\"top coat\"\n                class=\"\"\n            \/>\n        <\/picture>\n                                <\/div>\n        <\/div>\n    <\/div>\n    <span class=\"card-title\">Top Coat<\/span>\n            <p class=\"text\">Top Coat ist ein selbstklebendes und benutzerfreundliches Abdeckvlies aus Vliesstoff. Die klebende U&#8230;<\/p>\n    <\/a>                    <\/div>\n                                    <div class=\"swiper-slide\">\n                        \n<a class=\"card-product card-product-animated\" href=\"https:\/\/www.kwabo.nl\/de\/product\/atemvlies\/\">\n    <div class=\"image figure-animated-down\" style=\"--delay: 1.1s\" data-key=\"\">\n        <div class=\"figure-outer\">\n            <div class=\"figure-inner\">\n                                            <picture>\n            <source media=\"(max-width:600px)\" srcset=\"https:\/\/www.kwabo.nl\/wp-content\/uploads\/2024\/05\/atemvlies-800x695.jpg\">\n            <img loading=\"lazy\" decoding=\"async\"\n                src=\"https:\/\/www.kwabo.nl\/wp-content\/uploads\/2024\/05\/atemvlies-1200x1043.jpg\"\n                width=\"800\"\n                height=\"695\"\n                alt=\"atemvlies\"\n                class=\"\"\n            \/>\n        <\/picture>\n                                <\/div>\n        <\/div>\n    <\/div>\n    <span class=\"card-title\">Atemvlies<\/span>\n            <p class=\"text\">Atemvlies ist die einzigartige Alternative f\u00fcr frisch verlegte B\u00f6den, die noch trocknen, aush\u00e4rte&#8230;<\/p>\n    <\/a>                    <\/div>\n                            <\/div>\n        <\/div>\n\n        <nav class=\"pagination custom-pagination\">\n            <div class=\"swiper-pagination swiper-pagination-white\"><\/div>\n        <\/nav>\n    <\/div>\n<\/div><\/div>\n\n\n<div class=\"block trigger-in-view block-image-text no-background parallax\" data-name=\"Image &#038; Text\" id=\"block_ef253fef514e86a4d47d5ed8d132627a\">\n    <div class=\"image-text container\">\n            <div class=\"image-wrapper\">\n\n                            <div class=\"image image-single\">\n                            <picture>\n            <source media=\"(max-width:600px)\" srcset=\"https:\/\/www.kwabo.nl\/wp-content\/uploads\/2025\/03\/selbstklebendem_vlies-800x533.jpg\">\n            <img loading=\"lazy\" decoding=\"async\"\n                src=\"https:\/\/www.kwabo.nl\/wp-content\/uploads\/2025\/03\/selbstklebendem_vlies-1200x800.jpg\"\n                width=\"800\"\n                height=\"533\"\n                alt=\"selbstklebendem vlies\"\n                class=\"\"\n            \/>\n        <\/picture>\n                    <\/div>\n            \n            \n            \n        <\/div>\n    \n    <div class=\"text-wrapper\">\n        <h2 class=\"title fade-in\">Anwendungen und Vorteile von selbstklebendem Vlies<\/h2>\n        <div class=\"text fade-in\"><p>Selbstklebendes Vlies ist die ideale L\u00f6sung f\u00fcr den Schutz von B\u00f6den und Oberfl\u00e4chen w\u00e4hrend Maler- und Renovierungsarbeiten. Dank der selbstklebenden Unterseite bleibt es sicher an Ort und Stelle, ohne zu verrutschen. Das sorgt f\u00fcr eine stabile Arbeitsumgebung und reduziert das Unfallrisiko.<\/p>\n<p>Ein weiterer Vorteil ist die einfache Handhabung: Das Vlies l\u00e4sst sich schnell ausrollen und nach Gebrauch leicht entfernen, ohne R\u00fcckst\u00e4nde zu hinterlassen. Zudem ist es rei\u00dffest, wasserabweisend und in vielen F\u00e4llen wiederverwendbar.<\/p>\n<p>Ob f\u00fcr Handwerker, Bauunternehmen oder private Renovierungsprojekte, selbstklebendes Vlies bietet eine professionelle L\u00f6sung f\u00fcr effektiven Oberfl\u00e4chenschutz. Lassen Sie sich von unseren hochwertigen Produkten \u00fcberzeugen und fordern Sie jetzt ein unverbindliches <a href=\"https:\/\/www.kwabo.nl\/de\/kontakt\/\">Angebot<\/a> an!<\/p>\n<\/div>\n        \n                \n        \n            <\/div>\n\n   \n  \n   \n<\/div>\n\n           <\/div>\n\n\n<div class=\"block trigger-in-view block-image-text no-background image-right parallax\" data-name=\"Image &#038; Text\" id=\"block_92843a811fd5fe159b22313fe05fd312\">\n    <div class=\"image-text container\">\n            <div class=\"image-wrapper\">\n\n                            <div class=\"image image-single\">\n                            <picture>\n            <source media=\"(max-width:600px)\" srcset=\"https:\/\/www.kwabo.nl\/wp-content\/uploads\/2025\/06\/selbstklebendes_vlies_angebot-800x533.jpg\">\n            <img loading=\"lazy\" decoding=\"async\"\n                src=\"https:\/\/www.kwabo.nl\/wp-content\/uploads\/2025\/06\/selbstklebendes_vlies_angebot-1200x800.jpg\"\n                width=\"800\"\n                height=\"533\"\n                alt=\"selbstklebendes vlies angebot\"\n                class=\"\"\n            \/>\n        <\/picture>\n                    <\/div>\n            \n            \n            \n        <\/div>\n    \n    <div class=\"text-wrapper\">\n        <h2 class=\"title fade-in\">Ma\u00dfgeschneiderte L\u00f6sungen mit selbstklebendes Vlies<\/h2>\n        <div class=\"text fade-in\"><p>Wir bieten nicht nur ein starkes Produkt, sondern auch pers\u00f6nlichen Service. F\u00fcr jedes Projekt mit selbstklebendes Vlies finden wir die passende L\u00f6sung. Unsere Berater helfen Ihnen gerne weiter und erstellen ein individuelles Angebot.<\/p>\n<p>Wir haben viele Produkte auf Lager. So k\u00f6nnen wir schnell liefern und Ihre Anfrage z\u00fcgig bearbeiten. Ob kleines Projekt oder gro\u00dfes Bauvorhaben, wir stehen Ihnen zuverl\u00e4ssig zur Seite. Die Kommunikation verl\u00e4uft schnell und unkompliziert. So sparen Sie Zeit und k\u00f6nnen sich auf Ihr Projekt konzentrieren. Auf Wunsch liefern wir auch technische Daten.<\/p>\n<\/div>\n        \n                \n        \n            <\/div>\n\n   \n  \n   \n<\/div>\n\n           <\/div>\n\n\n<div class=\"block trigger-in-view block-image-text no-background parallax\" data-name=\"Image &#038; Text\" id=\"block_3b267882173b3f6ad51d96bea58c0dd6\">\n    <div class=\"image-text container\">\n            <div class=\"image-wrapper\">\n\n                            <div class=\"image image-single\">\n                            <picture>\n            <source media=\"(max-width:600px)\" srcset=\"https:\/\/www.kwabo.nl\/wp-content\/uploads\/2024\/06\/150-2-800x800.jpg\">\n            <img loading=\"lazy\" decoding=\"async\"\n                src=\"https:\/\/www.kwabo.nl\/wp-content\/uploads\/2024\/06\/150-2.jpg\"\n                width=\"800\"\n                height=\"800\"\n                alt=\"kwabo's innovatieve technische afdeling.\"\n                class=\"\"\n            \/>\n        <\/picture>\n                    <\/div>\n            \n            \n            \n        <\/div>\n    \n    <div class=\"text-wrapper\">\n        <h2 class=\"title fade-in\">Kluge L\u00f6sungen, gr\u00fcne Ergebnisse<\/h2>\n        <div class=\"text fade-in\"><p data-start=\"25\" data-end=\"426\">Unsere technische Abteilung erreicht dank kreativer Innovationen gro\u00dfe Fortschritte beim Thema Nachhaltigkeit. Durch unsere effiziente Rollenwicklung enthalten unsere Paletten bis zu 50% mehr Rollen selbstklebendes Vlies als die der Mitbewerber. Neben erheblichen Einsparungen bei Logistik und Lagerkosten erreichen wir so in der gesamten Lieferkette eine signifikante Reduzierung des CO\u2082-Aussto\u00dfes.<\/p>\n<p data-start=\"428\" data-end=\"598\">Zus\u00e4tzlich minimiert die kompakte Verpackung den Materialverbrauch und reduziert Abfall. So leisten wir einen weiteren Beitrag zu einer umweltfreundlicheren Produktion.<\/p>\n<\/div>\n        \n                \n        \n                <div class=\"button-wrapper fade-in\">\n                            \n            <a class=\"button ghost arrow\"\n            href=\"https:\/\/www.kwabo.nl\/de\/esg-strategie\/\"\n            target=\"\"\n                    >\n            Mehr erfahren\n                            <svg xmlns=\"http:\/\/www.w3.org\/2000\/svg\" width=\"23\" height=\"21.075\" viewBox=\"0 0 23 21.075\">\n\t<g id=\"Icon_feather-arrow-right\" data-name=\"Icon feather-arrow-right\" transform=\"translate(-13.319 2.121)\" style=\"isolation: isolate\">\n\t\t<path id=\"Path_11195\" data-name=\"Path 11195\" d=\"M7.5,18h20\" transform=\"translate(7.319 -9.584)\" fill=\"none\" stroke-linecap=\"round\" stroke-linejoin=\"round\" stroke-width=\"3\" \/>\n\t\t<path id=\"Path_11196\" data-name=\"Path 11196\" d=\"M18,7.5l8.416,8.416L18,24.332\" transform=\"translate(8.403 -7.5)\" fill=\"none\" stroke-linecap=\"round\" stroke-linejoin=\"round\" stroke-width=\"3\" \/>\n\t<\/g>\n<\/svg>\n                    <\/a>\n    \n                                    <\/div>\n            <\/div>\n\n   \n  \n   \n<\/div>\n\n           <\/div>\n\n\n<div class=\"block block-usps\" data-name=\"USPs\" id=\"block_f18c915db4224874618cb36b5ec9599c\">\n    <div class=\"usps\">\n        <div class=\"col-content center\">\n            <h2 class=\"title trigger-in-view trigger-opacity\">Hier verbinden sich Qualit\u00e4t und Innovation<\/h2>\n                            <p class=\"text trigger-in-view trigger-opacity\">Eine saubere und sichere Arbeitsumgebung f\u00fcr Endverbraucher verdient h\u00f6chste Priorit\u00e4t. Durch Einsatz hochwertiger Rohstoffe und zukunftsweisender Fertigungstechniken liefern wir ausschlie\u00dflich Abdeckmaterialien von Spitzenqualit\u00e4t. Selbstklebendes Vlies von Quality Covers zeichnet sich durch eine lange Nutzungsdauer sowie eine einfache Verarbeitung aus und sorgt somit f\u00fcr einen gesch\u00fctzten und sauberen Arbeitsuntergrund.\r\n<\/p>\n                        <div class=\"usps-row trigger-in-view trigger-opacity\">\n                                    <div class=\"usp\">\n                        <div class=\"icon\">\n                            <img decoding=\"async\" src=\"https:\/\/www.kwabo.nl\/wp-content\/uploads\/2024\/06\/Group-10.svg\" alt=\"\">\n                        <\/div>\n                        <p class=\"text\">Nachhaltig<\/p>\n                    <\/div>\n                                    <div class=\"usp\">\n                        <div class=\"icon\">\n                            <img decoding=\"async\" src=\"https:\/\/www.kwabo.nl\/wp-content\/uploads\/2024\/06\/check.svg\" alt=\"\">\n                        <\/div>\n                        <p class=\"text\">Qualit\u00e4tsprodukte<\/p>\n                    <\/div>\n                                    <div class=\"usp\">\n                        <div class=\"icon\">\n                            <img decoding=\"async\" src=\"https:\/\/www.kwabo.nl\/wp-content\/uploads\/2024\/06\/Filter.svg\" alt=\"\">\n                        <\/div>\n                        <p class=\"text\">Feinstaub gefiltert<\/p>\n                    <\/div>\n                                    <div class=\"usp\">\n                        <div class=\"icon\">\n                            <img decoding=\"async\" src=\"https:\/\/www.kwabo.nl\/wp-content\/uploads\/2024\/06\/arrow.svg\" alt=\"\">\n                        <\/div>\n                        <p class=\"text\">50% bis 100% mehr Einheiten je Palette<\/p>\n                    <\/div>\n                                    <div class=\"usp\">\n                        <div class=\"icon\">\n                            <img decoding=\"async\" src=\"https:\/\/www.kwabo.nl\/wp-content\/uploads\/2024\/06\/home-1.svg\" alt=\"\">\n                        <\/div>\n                        <p class=\"text\">Eigenfertigung von A bis Z<\/p>\n                    <\/div>\n                            <\/div>\n            <div class=\"button-wrapper trigger-in-view trigger-opacity\">\n                            <\/div>\n        <\/div>\n        <div class=\"background\"><\/div>\n    <\/div>\n<\/div>","protected":false},"excerpt":{"rendered":"","protected":false},"author":1,"featured_media":0,"parent":0,"menu_order":0,"comment_status":"closed","ping_status":"closed","template":"","meta":{"_acf_changed":false,"footnotes":""},"class_list":["post-1478","page","type-page","status-publish","hentry"],"acf":[],"yoast_head":"<!-- This site is optimized with the Yoast SEO Premium plugin v27.1 (Yoast SEO v27.6) - https:\/\/yoast.com\/product\/yoast-seo-premium-wordpress\/ -->\n<title>Selbstklebendes Vlies: Sicher &amp; Hochwertig | Angebot<\/title>\n<meta name=\"description\" content=\"Selbstklebendes Vlies von Quality Covers kombiniert Benutzerfreundlichkeit und Sicherheit mit rutschfester Oberfl\u00e4che. Jetzt Angebot fordern.\" \/>\n<meta name=\"robots\" content=\"index, follow, max-snippet:-1, max-image-preview:large, max-video-preview:-1\" \/>\n<link rel=\"canonical\" href=\"https:\/\/www.kwabo.nl\/de\/selbstklebendes-vlies\/\" \/>\n<meta property=\"og:locale\" content=\"de_DE\" \/>\n<meta property=\"og:type\" content=\"article\" \/>\n<meta property=\"og:title\" content=\"Selbstklebendes Vlies\" \/>\n<meta property=\"og:description\" content=\"Selbstklebendes Vlies von Quality Covers kombiniert Benutzerfreundlichkeit und Sicherheit mit rutschfester Oberfl\u00e4che. Jetzt Angebot fordern.\" \/>\n<meta property=\"og:url\" content=\"https:\/\/www.kwabo.nl\/de\/selbstklebendes-vlies\/\" \/>\n<meta property=\"og:site_name\" content=\"Kwabo\" \/>\n<meta property=\"article:modified_time\" content=\"2025-07-03T12:42:40+00:00\" \/>\n<meta name=\"twitter:card\" content=\"summary_large_image\" \/>\n<script type=\"application\/ld+json\" class=\"yoast-schema-graph\">{\"@context\":\"https:\\\/\\\/schema.org\",\"@graph\":[{\"@type\":\"WebPage\",\"@id\":\"https:\\\/\\\/www.kwabo.nl\\\/de\\\/selbstklebendes-vlies\\\/\",\"url\":\"https:\\\/\\\/www.kwabo.nl\\\/de\\\/selbstklebendes-vlies\\\/\",\"name\":\"Selbstklebendes Vlies: Sicher & Hochwertig | Angebot\",\"isPartOf\":{\"@id\":\"https:\\\/\\\/www.kwabo.nl\\\/#website\"},\"datePublished\":\"2024-07-15T12:52:29+00:00\",\"dateModified\":\"2025-07-03T12:42:40+00:00\",\"description\":\"Selbstklebendes Vlies von Quality Covers kombiniert Benutzerfreundlichkeit und Sicherheit mit rutschfester Oberfl\u00e4che. Jetzt Angebot fordern.\",\"breadcrumb\":{\"@id\":\"https:\\\/\\\/www.kwabo.nl\\\/de\\\/selbstklebendes-vlies\\\/#breadcrumb\"},\"inLanguage\":\"de\",\"potentialAction\":[{\"@type\":\"ReadAction\",\"target\":[\"https:\\\/\\\/www.kwabo.nl\\\/de\\\/selbstklebendes-vlies\\\/\"]}]},{\"@type\":\"BreadcrumbList\",\"@id\":\"https:\\\/\\\/www.kwabo.nl\\\/de\\\/selbstklebendes-vlies\\\/#breadcrumb\",\"itemListElement\":[{\"@type\":\"ListItem\",\"position\":1,\"name\":\"Home\",\"item\":\"https:\\\/\\\/www.kwabo.nl\\\/de\\\/\"},{\"@type\":\"ListItem\",\"position\":2,\"name\":\"Selbstklebendes Vlies\"}]},{\"@type\":\"WebSite\",\"@id\":\"https:\\\/\\\/www.kwabo.nl\\\/#website\",\"url\":\"https:\\\/\\\/www.kwabo.nl\\\/\",\"name\":\"Kwabo\",\"description\":\"Quality Covers\",\"potentialAction\":[{\"@type\":\"SearchAction\",\"target\":{\"@type\":\"EntryPoint\",\"urlTemplate\":\"https:\\\/\\\/www.kwabo.nl\\\/?s={search_term_string}\"},\"query-input\":{\"@type\":\"PropertyValueSpecification\",\"valueRequired\":true,\"valueName\":\"search_term_string\"}}],\"inLanguage\":\"de\"}]}<\/script>\n<!-- \/ Yoast SEO Premium plugin. -->","yoast_head_json":{"title":"Selbstklebendes Vlies: Sicher & Hochwertig | Angebot","description":"Selbstklebendes Vlies von Quality Covers kombiniert Benutzerfreundlichkeit und Sicherheit mit rutschfester Oberfl\u00e4che. Jetzt Angebot fordern.","robots":{"index":"index","follow":"follow","max-snippet":"max-snippet:-1","max-image-preview":"max-image-preview:large","max-video-preview":"max-video-preview:-1"},"canonical":"https:\/\/www.kwabo.nl\/de\/selbstklebendes-vlies\/","og_locale":"de_DE","og_type":"article","og_title":"Selbstklebendes Vlies","og_description":"Selbstklebendes Vlies von Quality Covers kombiniert Benutzerfreundlichkeit und Sicherheit mit rutschfester Oberfl\u00e4che. Jetzt Angebot fordern.","og_url":"https:\/\/www.kwabo.nl\/de\/selbstklebendes-vlies\/","og_site_name":"Kwabo","article_modified_time":"2025-07-03T12:42:40+00:00","twitter_card":"summary_large_image","schema":{"@context":"https:\/\/schema.org","@graph":[{"@type":"WebPage","@id":"https:\/\/www.kwabo.nl\/de\/selbstklebendes-vlies\/","url":"https:\/\/www.kwabo.nl\/de\/selbstklebendes-vlies\/","name":"Selbstklebendes Vlies: Sicher & Hochwertig | Angebot","isPartOf":{"@id":"https:\/\/www.kwabo.nl\/#website"},"datePublished":"2024-07-15T12:52:29+00:00","dateModified":"2025-07-03T12:42:40+00:00","description":"Selbstklebendes Vlies von Quality Covers kombiniert Benutzerfreundlichkeit und Sicherheit mit rutschfester Oberfl\u00e4che. Jetzt Angebot fordern.","breadcrumb":{"@id":"https:\/\/www.kwabo.nl\/de\/selbstklebendes-vlies\/#breadcrumb"},"inLanguage":"de","potentialAction":[{"@type":"ReadAction","target":["https:\/\/www.kwabo.nl\/de\/selbstklebendes-vlies\/"]}]},{"@type":"BreadcrumbList","@id":"https:\/\/www.kwabo.nl\/de\/selbstklebendes-vlies\/#breadcrumb","itemListElement":[{"@type":"ListItem","position":1,"name":"Home","item":"https:\/\/www.kwabo.nl\/de\/"},{"@type":"ListItem","position":2,"name":"Selbstklebendes Vlies"}]},{"@type":"WebSite","@id":"https:\/\/www.kwabo.nl\/#website","url":"https:\/\/www.kwabo.nl\/","name":"Kwabo","description":"Quality Covers","potentialAction":[{"@type":"SearchAction","target":{"@type":"EntryPoint","urlTemplate":"https:\/\/www.kwabo.nl\/?s={search_term_string}"},"query-input":{"@type":"PropertyValueSpecification","valueRequired":true,"valueName":"search_term_string"}}],"inLanguage":"de"}]}},"_links":{"self":[{"href":"https:\/\/www.kwabo.nl\/de\/wp-json\/wp\/v2\/pages\/1478","targetHints":{"allow":["GET"]}}],"collection":[{"href":"https:\/\/www.kwabo.nl\/de\/wp-json\/wp\/v2\/pages"}],"about":[{"href":"https:\/\/www.kwabo.nl\/de\/wp-json\/wp\/v2\/types\/page"}],"author":[{"embeddable":true,"href":"https:\/\/www.kwabo.nl\/de\/wp-json\/wp\/v2\/users\/1"}],"replies":[{"embeddable":true,"href":"https:\/\/www.kwabo.nl\/de\/wp-json\/wp\/v2\/comments?post=1478"}],"version-history":[{"count":10,"href":"https:\/\/www.kwabo.nl\/de\/wp-json\/wp\/v2\/pages\/1478\/revisions"}],"predecessor-version":[{"id":2048,"href":"https:\/\/www.kwabo.nl\/de\/wp-json\/wp\/v2\/pages\/1478\/revisions\/2048"}],"wp:attachment":[{"href":"https:\/\/www.kwabo.nl\/de\/wp-json\/wp\/v2\/media?parent=1478"}],"curies":[{"name":"wp","href":"https:\/\/api.w.org\/{rel}","templated":true}]}}