{"id":1532,"date":"2024-06-07T10:00:28","date_gmt":"2024-06-07T08:00:28","guid":{"rendered":"https:\/\/www.kwabo.nl\/product\/zelfklevende-beschermfolie-hard-floor\/"},"modified":"2024-10-08T09:23:22","modified_gmt":"2024-10-08T07:23:22","slug":"selbstklebende-schutzfolie-hard-floor","status":"publish","type":"product","link":"https:\/\/www.kwabo.nl\/de\/product\/selbstklebende-schutzfolie-hard-floor\/","title":{"rendered":"Selbstklebende Schutzfolie Hard-Floor"},"template":"","product_category":[45],"product_filter":[46,44],"class_list":["post-1532","product","type-product","status-publish","hentry"],"acf":[],"yoast_head":"<!-- This site is optimized with the Yoast SEO Premium plugin v27.1 (Yoast SEO v27.3) - https:\/\/yoast.com\/product\/yoast-seo-premium-wordpress\/ -->\n<title>Selbstklebende Schutzfolie Hard-Floor - Kwabo<\/title>\n<meta name=\"description\" content=\"Sch\u00fctzen Sie die Treppe oder den Boden mit der selbstklebenden Schutzfolie Hard-Floor. Rei\u00dffest, hervorragende Haftung, rutschfest und hinterl\u00e4sst keine Kleber\u00fcckst\u00e4nde.\" \/>\n<meta name=\"robots\" content=\"index, follow, max-snippet:-1, max-image-preview:large, max-video-preview:-1\" \/>\n<link rel=\"canonical\" href=\"https:\/\/www.kwabo.nl\/de\/product\/selbstklebende-schutzfolie-hard-floor\/\" \/>\n<meta property=\"og:locale\" content=\"de_DE\" \/>\n<meta property=\"og:type\" content=\"article\" \/>\n<meta property=\"og:title\" content=\"Selbstklebende Schutzfolie Hard-Floor\" \/>\n<meta property=\"og:description\" content=\"Sch\u00fctzen Sie die Treppe oder den Boden mit der selbstklebenden Schutzfolie Hard-Floor. Rei\u00dffest, hervorragende Haftung, rutschfest und hinterl\u00e4sst keine Kleber\u00fcckst\u00e4nde.\" \/>\n<meta property=\"og:url\" content=\"https:\/\/www.kwabo.nl\/de\/product\/selbstklebende-schutzfolie-hard-floor\/\" \/>\n<meta property=\"og:site_name\" content=\"Kwabo\" \/>\n<meta property=\"article:modified_time\" content=\"2024-10-08T07:23:22+00:00\" \/>\n<meta name=\"twitter:card\" content=\"summary_large_image\" \/>\n<script type=\"application\/ld+json\" class=\"yoast-schema-graph\">{\"@context\":\"https:\\\/\\\/schema.org\",\"@graph\":[{\"@type\":\"WebPage\",\"@id\":\"https:\\\/\\\/www.kwabo.nl\\\/de\\\/product\\\/selbstklebende-schutzfolie-hard-floor\\\/\",\"url\":\"https:\\\/\\\/www.kwabo.nl\\\/de\\\/product\\\/selbstklebende-schutzfolie-hard-floor\\\/\",\"name\":\"Selbstklebende Schutzfolie Hard-Floor - Kwabo\",\"isPartOf\":{\"@id\":\"https:\\\/\\\/www.kwabo.nl\\\/#website\"},\"datePublished\":\"2024-06-07T08:00:28+00:00\",\"dateModified\":\"2024-10-08T07:23:22+00:00\",\"description\":\"Sch\u00fctzen Sie die Treppe oder den Boden mit der selbstklebenden Schutzfolie Hard-Floor. Rei\u00dffest, hervorragende Haftung, rutschfest und hinterl\u00e4sst keine Kleber\u00fcckst\u00e4nde.\",\"breadcrumb\":{\"@id\":\"https:\\\/\\\/www.kwabo.nl\\\/de\\\/product\\\/selbstklebende-schutzfolie-hard-floor\\\/#breadcrumb\"},\"inLanguage\":\"de\",\"potentialAction\":[{\"@type\":\"ReadAction\",\"target\":[\"https:\\\/\\\/www.kwabo.nl\\\/de\\\/product\\\/selbstklebende-schutzfolie-hard-floor\\\/\"]}]},{\"@type\":\"BreadcrumbList\",\"@id\":\"https:\\\/\\\/www.kwabo.nl\\\/de\\\/product\\\/selbstklebende-schutzfolie-hard-floor\\\/#breadcrumb\",\"itemListElement\":[{\"@type\":\"ListItem\",\"position\":1,\"name\":\"Home\",\"item\":\"https:\\\/\\\/www.kwabo.nl\\\/de\\\/\"},{\"@type\":\"ListItem\",\"position\":2,\"name\":\"Selbstklebende Schutzfolie Hard-Floor\"}]},{\"@type\":\"WebSite\",\"@id\":\"https:\\\/\\\/www.kwabo.nl\\\/#website\",\"url\":\"https:\\\/\\\/www.kwabo.nl\\\/\",\"name\":\"Kwabo\",\"description\":\"Quality Covers\",\"potentialAction\":[{\"@type\":\"SearchAction\",\"target\":{\"@type\":\"EntryPoint\",\"urlTemplate\":\"https:\\\/\\\/www.kwabo.nl\\\/?s={search_term_string}\"},\"query-input\":{\"@type\":\"PropertyValueSpecification\",\"valueRequired\":true,\"valueName\":\"search_term_string\"}}],\"inLanguage\":\"de\"}]}<\/script>\n<!-- \/ Yoast SEO Premium plugin. -->","yoast_head_json":{"title":"Selbstklebende Schutzfolie Hard-Floor - Kwabo","description":"Sch\u00fctzen Sie die Treppe oder den Boden mit der selbstklebenden Schutzfolie Hard-Floor. Rei\u00dffest, hervorragende Haftung, rutschfest und hinterl\u00e4sst keine Kleber\u00fcckst\u00e4nde.","robots":{"index":"index","follow":"follow","max-snippet":"max-snippet:-1","max-image-preview":"max-image-preview:large","max-video-preview":"max-video-preview:-1"},"canonical":"https:\/\/www.kwabo.nl\/de\/product\/selbstklebende-schutzfolie-hard-floor\/","og_locale":"de_DE","og_type":"article","og_title":"Selbstklebende Schutzfolie Hard-Floor","og_description":"Sch\u00fctzen Sie die Treppe oder den Boden mit der selbstklebenden Schutzfolie Hard-Floor. Rei\u00dffest, hervorragende Haftung, rutschfest und hinterl\u00e4sst keine Kleber\u00fcckst\u00e4nde.","og_url":"https:\/\/www.kwabo.nl\/de\/product\/selbstklebende-schutzfolie-hard-floor\/","og_site_name":"Kwabo","article_modified_time":"2024-10-08T07:23:22+00:00","twitter_card":"summary_large_image","schema":{"@context":"https:\/\/schema.org","@graph":[{"@type":"WebPage","@id":"https:\/\/www.kwabo.nl\/de\/product\/selbstklebende-schutzfolie-hard-floor\/","url":"https:\/\/www.kwabo.nl\/de\/product\/selbstklebende-schutzfolie-hard-floor\/","name":"Selbstklebende Schutzfolie Hard-Floor - Kwabo","isPartOf":{"@id":"https:\/\/www.kwabo.nl\/#website"},"datePublished":"2024-06-07T08:00:28+00:00","dateModified":"2024-10-08T07:23:22+00:00","description":"Sch\u00fctzen Sie die Treppe oder den Boden mit der selbstklebenden Schutzfolie Hard-Floor. Rei\u00dffest, hervorragende Haftung, rutschfest und hinterl\u00e4sst keine Kleber\u00fcckst\u00e4nde.","breadcrumb":{"@id":"https:\/\/www.kwabo.nl\/de\/product\/selbstklebende-schutzfolie-hard-floor\/#breadcrumb"},"inLanguage":"de","potentialAction":[{"@type":"ReadAction","target":["https:\/\/www.kwabo.nl\/de\/product\/selbstklebende-schutzfolie-hard-floor\/"]}]},{"@type":"BreadcrumbList","@id":"https:\/\/www.kwabo.nl\/de\/product\/selbstklebende-schutzfolie-hard-floor\/#breadcrumb","itemListElement":[{"@type":"ListItem","position":1,"name":"Home","item":"https:\/\/www.kwabo.nl\/de\/"},{"@type":"ListItem","position":2,"name":"Selbstklebende Schutzfolie Hard-Floor"}]},{"@type":"WebSite","@id":"https:\/\/www.kwabo.nl\/#website","url":"https:\/\/www.kwabo.nl\/","name":"Kwabo","description":"Quality Covers","potentialAction":[{"@type":"SearchAction","target":{"@type":"EntryPoint","urlTemplate":"https:\/\/www.kwabo.nl\/?s={search_term_string}"},"query-input":{"@type":"PropertyValueSpecification","valueRequired":true,"valueName":"search_term_string"}}],"inLanguage":"de"}]}},"_links":{"self":[{"href":"https:\/\/www.kwabo.nl\/de\/wp-json\/wp\/v2\/product\/1532","targetHints":{"allow":["GET"]}}],"collection":[{"href":"https:\/\/www.kwabo.nl\/de\/wp-json\/wp\/v2\/product"}],"about":[{"href":"https:\/\/www.kwabo.nl\/de\/wp-json\/wp\/v2\/types\/product"}],"wp:attachment":[{"href":"https:\/\/www.kwabo.nl\/de\/wp-json\/wp\/v2\/media?parent=1532"}],"wp:term":[{"taxonomy":"product_category","embeddable":true,"href":"https:\/\/www.kwabo.nl\/de\/wp-json\/wp\/v2\/product_category?post=1532"},{"taxonomy":"product_filter","embeddable":true,"href":"https:\/\/www.kwabo.nl\/de\/wp-json\/wp\/v2\/product_filter?post=1532"}],"curies":[{"name":"wp","href":"https:\/\/api.w.org\/{rel}","templated":true}]}}