{"id":1534,"date":"2024-06-07T11:59:17","date_gmt":"2024-06-07T09:59:17","guid":{"rendered":"https:\/\/www.kwabo.nl\/product\/zelfklevende-beschermfolie-carpet\/"},"modified":"2025-01-28T10:37:38","modified_gmt":"2025-01-28T09:37:38","slug":"selbstklebende-schutzfolie-carpet","status":"publish","type":"product","link":"https:\/\/www.kwabo.nl\/de\/product\/selbstklebende-schutzfolie-carpet\/","title":{"rendered":"Selbstklebende Schutzfolie Carpet"},"template":"","product_category":[45],"product_filter":[46,44],"class_list":["post-1534","product","type-product","status-publish","hentry"],"acf":[],"yoast_head":"<!-- This site is optimized with the Yoast SEO Premium plugin v27.1 (Yoast SEO v27.5) - https:\/\/yoast.com\/product\/yoast-seo-premium-wordpress\/ -->\n<title>Selbstklebende Schutzfolie: Hochwertig | Angebot anfordern<\/title>\n<meta name=\"description\" content=\"Selbstklebende Schutzfolie ist die L\u00f6sung f\u00fcr weiche Untergr\u00fcnde. Einfach zu verwenden, mit rutschfester Schicht f\u00fcr Schutz vor Feuchtigkeit.\" \/>\n<meta name=\"robots\" content=\"index, follow, max-snippet:-1, max-image-preview:large, max-video-preview:-1\" \/>\n<link rel=\"canonical\" href=\"https:\/\/www.kwabo.nl\/de\/product\/selbstklebende-schutzfolie-carpet\/\" \/>\n<meta property=\"og:locale\" content=\"de_DE\" \/>\n<meta property=\"og:type\" content=\"article\" \/>\n<meta property=\"og:title\" content=\"Selbstklebende Schutzfolie Carpet\" \/>\n<meta property=\"og:description\" content=\"Selbstklebende Schutzfolie ist die L\u00f6sung f\u00fcr weiche Untergr\u00fcnde. Einfach zu verwenden, mit rutschfester Schicht f\u00fcr Schutz vor Feuchtigkeit.\" \/>\n<meta property=\"og:url\" content=\"https:\/\/www.kwabo.nl\/de\/product\/selbstklebende-schutzfolie-carpet\/\" \/>\n<meta property=\"og:site_name\" content=\"Kwabo\" \/>\n<meta property=\"article:modified_time\" content=\"2025-01-28T09:37:38+00:00\" \/>\n<meta name=\"twitter:card\" content=\"summary_large_image\" \/>\n<script type=\"application\/ld+json\" class=\"yoast-schema-graph\">{\"@context\":\"https:\\\/\\\/schema.org\",\"@graph\":[{\"@type\":\"WebPage\",\"@id\":\"https:\\\/\\\/www.kwabo.nl\\\/de\\\/product\\\/selbstklebende-schutzfolie-carpet\\\/\",\"url\":\"https:\\\/\\\/www.kwabo.nl\\\/de\\\/product\\\/selbstklebende-schutzfolie-carpet\\\/\",\"name\":\"Selbstklebende Schutzfolie: Hochwertig | Angebot anfordern\",\"isPartOf\":{\"@id\":\"https:\\\/\\\/www.kwabo.nl\\\/#website\"},\"datePublished\":\"2024-06-07T09:59:17+00:00\",\"dateModified\":\"2025-01-28T09:37:38+00:00\",\"description\":\"Selbstklebende Schutzfolie ist die L\u00f6sung f\u00fcr weiche Untergr\u00fcnde. Einfach zu verwenden, mit rutschfester Schicht f\u00fcr Schutz vor Feuchtigkeit.\",\"breadcrumb\":{\"@id\":\"https:\\\/\\\/www.kwabo.nl\\\/de\\\/product\\\/selbstklebende-schutzfolie-carpet\\\/#breadcrumb\"},\"inLanguage\":\"de\",\"potentialAction\":[{\"@type\":\"ReadAction\",\"target\":[\"https:\\\/\\\/www.kwabo.nl\\\/de\\\/product\\\/selbstklebende-schutzfolie-carpet\\\/\"]}]},{\"@type\":\"BreadcrumbList\",\"@id\":\"https:\\\/\\\/www.kwabo.nl\\\/de\\\/product\\\/selbstklebende-schutzfolie-carpet\\\/#breadcrumb\",\"itemListElement\":[{\"@type\":\"ListItem\",\"position\":1,\"name\":\"Home\",\"item\":\"https:\\\/\\\/www.kwabo.nl\\\/de\\\/\"},{\"@type\":\"ListItem\",\"position\":2,\"name\":\"Selbstklebende Schutzfolie Carpet\"}]},{\"@type\":\"WebSite\",\"@id\":\"https:\\\/\\\/www.kwabo.nl\\\/#website\",\"url\":\"https:\\\/\\\/www.kwabo.nl\\\/\",\"name\":\"Kwabo\",\"description\":\"Quality Covers\",\"potentialAction\":[{\"@type\":\"SearchAction\",\"target\":{\"@type\":\"EntryPoint\",\"urlTemplate\":\"https:\\\/\\\/www.kwabo.nl\\\/?s={search_term_string}\"},\"query-input\":{\"@type\":\"PropertyValueSpecification\",\"valueRequired\":true,\"valueName\":\"search_term_string\"}}],\"inLanguage\":\"de\"}]}<\/script>\n<!-- \/ Yoast SEO Premium plugin. -->","yoast_head_json":{"title":"Selbstklebende Schutzfolie: Hochwertig | Angebot anfordern","description":"Selbstklebende Schutzfolie ist die L\u00f6sung f\u00fcr weiche Untergr\u00fcnde. Einfach zu verwenden, mit rutschfester Schicht f\u00fcr Schutz vor Feuchtigkeit.","robots":{"index":"index","follow":"follow","max-snippet":"max-snippet:-1","max-image-preview":"max-image-preview:large","max-video-preview":"max-video-preview:-1"},"canonical":"https:\/\/www.kwabo.nl\/de\/product\/selbstklebende-schutzfolie-carpet\/","og_locale":"de_DE","og_type":"article","og_title":"Selbstklebende Schutzfolie Carpet","og_description":"Selbstklebende Schutzfolie ist die L\u00f6sung f\u00fcr weiche Untergr\u00fcnde. Einfach zu verwenden, mit rutschfester Schicht f\u00fcr Schutz vor Feuchtigkeit.","og_url":"https:\/\/www.kwabo.nl\/de\/product\/selbstklebende-schutzfolie-carpet\/","og_site_name":"Kwabo","article_modified_time":"2025-01-28T09:37:38+00:00","twitter_card":"summary_large_image","schema":{"@context":"https:\/\/schema.org","@graph":[{"@type":"WebPage","@id":"https:\/\/www.kwabo.nl\/de\/product\/selbstklebende-schutzfolie-carpet\/","url":"https:\/\/www.kwabo.nl\/de\/product\/selbstklebende-schutzfolie-carpet\/","name":"Selbstklebende Schutzfolie: Hochwertig | Angebot anfordern","isPartOf":{"@id":"https:\/\/www.kwabo.nl\/#website"},"datePublished":"2024-06-07T09:59:17+00:00","dateModified":"2025-01-28T09:37:38+00:00","description":"Selbstklebende Schutzfolie ist die L\u00f6sung f\u00fcr weiche Untergr\u00fcnde. Einfach zu verwenden, mit rutschfester Schicht f\u00fcr Schutz vor Feuchtigkeit.","breadcrumb":{"@id":"https:\/\/www.kwabo.nl\/de\/product\/selbstklebende-schutzfolie-carpet\/#breadcrumb"},"inLanguage":"de","potentialAction":[{"@type":"ReadAction","target":["https:\/\/www.kwabo.nl\/de\/product\/selbstklebende-schutzfolie-carpet\/"]}]},{"@type":"BreadcrumbList","@id":"https:\/\/www.kwabo.nl\/de\/product\/selbstklebende-schutzfolie-carpet\/#breadcrumb","itemListElement":[{"@type":"ListItem","position":1,"name":"Home","item":"https:\/\/www.kwabo.nl\/de\/"},{"@type":"ListItem","position":2,"name":"Selbstklebende Schutzfolie Carpet"}]},{"@type":"WebSite","@id":"https:\/\/www.kwabo.nl\/#website","url":"https:\/\/www.kwabo.nl\/","name":"Kwabo","description":"Quality Covers","potentialAction":[{"@type":"SearchAction","target":{"@type":"EntryPoint","urlTemplate":"https:\/\/www.kwabo.nl\/?s={search_term_string}"},"query-input":{"@type":"PropertyValueSpecification","valueRequired":true,"valueName":"search_term_string"}}],"inLanguage":"de"}]}},"_links":{"self":[{"href":"https:\/\/www.kwabo.nl\/de\/wp-json\/wp\/v2\/product\/1534","targetHints":{"allow":["GET"]}}],"collection":[{"href":"https:\/\/www.kwabo.nl\/de\/wp-json\/wp\/v2\/product"}],"about":[{"href":"https:\/\/www.kwabo.nl\/de\/wp-json\/wp\/v2\/types\/product"}],"wp:attachment":[{"href":"https:\/\/www.kwabo.nl\/de\/wp-json\/wp\/v2\/media?parent=1534"}],"wp:term":[{"taxonomy":"product_category","embeddable":true,"href":"https:\/\/www.kwabo.nl\/de\/wp-json\/wp\/v2\/product_category?post=1534"},{"taxonomy":"product_filter","embeddable":true,"href":"https:\/\/www.kwabo.nl\/de\/wp-json\/wp\/v2\/product_filter?post=1534"}],"curies":[{"name":"wp","href":"https:\/\/api.w.org\/{rel}","templated":true}]}}