{"id":1536,"date":"2024-05-07T12:01:04","date_gmt":"2024-05-07T10:01:04","guid":{"rendered":"https:\/\/www.kwabo.nl\/product\/ademvlies\/"},"modified":"2025-06-26T15:43:06","modified_gmt":"2025-06-26T13:43:06","slug":"atemvlies","status":"publish","type":"product","link":"https:\/\/www.kwabo.nl\/de\/product\/atemvlies\/","title":{"rendered":"Atemvlies"},"template":"","product_category":[47],"product_filter":[48,44],"class_list":["post-1536","product","type-product","status-publish","hentry"],"acf":[],"yoast_head":"<!-- This site is optimized with the Yoast SEO Premium plugin v27.1 (Yoast SEO v27.3) - https:\/\/yoast.com\/product\/yoast-seo-premium-wordpress\/ -->\n<title>Atemvlies: Hochwertig &amp; Zuverl\u00e4ssig | Angebot anfordern<\/title>\n<meta name=\"description\" content=\"Atemvlies sch\u00fctzt B\u00f6den beim Trocknen und Aush\u00e4rten. Diese sind Sto\u00dfd\u00e4mpfend, atmungsaktiv, selbstklebend. Fordern Sie jetzt ein Angebot an.\" \/>\n<meta name=\"robots\" content=\"index, follow, max-snippet:-1, max-image-preview:large, max-video-preview:-1\" \/>\n<link rel=\"canonical\" href=\"https:\/\/www.kwabo.nl\/de\/product\/atemvlies\/\" \/>\n<meta property=\"og:locale\" content=\"de_DE\" \/>\n<meta property=\"og:type\" content=\"article\" \/>\n<meta property=\"og:title\" content=\"Atemvlies\" \/>\n<meta property=\"og:description\" content=\"Atemvlies sch\u00fctzt B\u00f6den beim Trocknen und Aush\u00e4rten. Diese sind Sto\u00dfd\u00e4mpfend, atmungsaktiv, selbstklebend. Fordern Sie jetzt ein Angebot an.\" \/>\n<meta property=\"og:url\" content=\"https:\/\/www.kwabo.nl\/de\/product\/atemvlies\/\" \/>\n<meta property=\"og:site_name\" content=\"Kwabo\" \/>\n<meta property=\"article:modified_time\" content=\"2025-06-26T13:43:06+00:00\" \/>\n<meta name=\"twitter:card\" content=\"summary_large_image\" \/>\n<script type=\"application\/ld+json\" class=\"yoast-schema-graph\">{\"@context\":\"https:\\\/\\\/schema.org\",\"@graph\":[{\"@type\":\"WebPage\",\"@id\":\"https:\\\/\\\/www.kwabo.nl\\\/de\\\/product\\\/atemvlies\\\/\",\"url\":\"https:\\\/\\\/www.kwabo.nl\\\/de\\\/product\\\/atemvlies\\\/\",\"name\":\"Atemvlies: Hochwertig & Zuverl\u00e4ssig | Angebot anfordern\",\"isPartOf\":{\"@id\":\"https:\\\/\\\/www.kwabo.nl\\\/#website\"},\"datePublished\":\"2024-05-07T10:01:04+00:00\",\"dateModified\":\"2025-06-26T13:43:06+00:00\",\"description\":\"Atemvlies sch\u00fctzt B\u00f6den beim Trocknen und Aush\u00e4rten. Diese sind Sto\u00dfd\u00e4mpfend, atmungsaktiv, selbstklebend. Fordern Sie jetzt ein Angebot an.\",\"breadcrumb\":{\"@id\":\"https:\\\/\\\/www.kwabo.nl\\\/de\\\/product\\\/atemvlies\\\/#breadcrumb\"},\"inLanguage\":\"de\",\"potentialAction\":[{\"@type\":\"ReadAction\",\"target\":[\"https:\\\/\\\/www.kwabo.nl\\\/de\\\/product\\\/atemvlies\\\/\"]}]},{\"@type\":\"BreadcrumbList\",\"@id\":\"https:\\\/\\\/www.kwabo.nl\\\/de\\\/product\\\/atemvlies\\\/#breadcrumb\",\"itemListElement\":[{\"@type\":\"ListItem\",\"position\":1,\"name\":\"Home\",\"item\":\"https:\\\/\\\/www.kwabo.nl\\\/de\\\/\"},{\"@type\":\"ListItem\",\"position\":2,\"name\":\"Atemvlies\"}]},{\"@type\":\"WebSite\",\"@id\":\"https:\\\/\\\/www.kwabo.nl\\\/#website\",\"url\":\"https:\\\/\\\/www.kwabo.nl\\\/\",\"name\":\"Kwabo\",\"description\":\"Quality Covers\",\"potentialAction\":[{\"@type\":\"SearchAction\",\"target\":{\"@type\":\"EntryPoint\",\"urlTemplate\":\"https:\\\/\\\/www.kwabo.nl\\\/?s={search_term_string}\"},\"query-input\":{\"@type\":\"PropertyValueSpecification\",\"valueRequired\":true,\"valueName\":\"search_term_string\"}}],\"inLanguage\":\"de\"}]}<\/script>\n<!-- \/ Yoast SEO Premium plugin. -->","yoast_head_json":{"title":"Atemvlies: Hochwertig & Zuverl\u00e4ssig | Angebot anfordern","description":"Atemvlies sch\u00fctzt B\u00f6den beim Trocknen und Aush\u00e4rten. Diese sind Sto\u00dfd\u00e4mpfend, atmungsaktiv, selbstklebend. Fordern Sie jetzt ein Angebot an.","robots":{"index":"index","follow":"follow","max-snippet":"max-snippet:-1","max-image-preview":"max-image-preview:large","max-video-preview":"max-video-preview:-1"},"canonical":"https:\/\/www.kwabo.nl\/de\/product\/atemvlies\/","og_locale":"de_DE","og_type":"article","og_title":"Atemvlies","og_description":"Atemvlies sch\u00fctzt B\u00f6den beim Trocknen und Aush\u00e4rten. Diese sind Sto\u00dfd\u00e4mpfend, atmungsaktiv, selbstklebend. Fordern Sie jetzt ein Angebot an.","og_url":"https:\/\/www.kwabo.nl\/de\/product\/atemvlies\/","og_site_name":"Kwabo","article_modified_time":"2025-06-26T13:43:06+00:00","twitter_card":"summary_large_image","schema":{"@context":"https:\/\/schema.org","@graph":[{"@type":"WebPage","@id":"https:\/\/www.kwabo.nl\/de\/product\/atemvlies\/","url":"https:\/\/www.kwabo.nl\/de\/product\/atemvlies\/","name":"Atemvlies: Hochwertig & Zuverl\u00e4ssig | Angebot anfordern","isPartOf":{"@id":"https:\/\/www.kwabo.nl\/#website"},"datePublished":"2024-05-07T10:01:04+00:00","dateModified":"2025-06-26T13:43:06+00:00","description":"Atemvlies sch\u00fctzt B\u00f6den beim Trocknen und Aush\u00e4rten. Diese sind Sto\u00dfd\u00e4mpfend, atmungsaktiv, selbstklebend. Fordern Sie jetzt ein Angebot an.","breadcrumb":{"@id":"https:\/\/www.kwabo.nl\/de\/product\/atemvlies\/#breadcrumb"},"inLanguage":"de","potentialAction":[{"@type":"ReadAction","target":["https:\/\/www.kwabo.nl\/de\/product\/atemvlies\/"]}]},{"@type":"BreadcrumbList","@id":"https:\/\/www.kwabo.nl\/de\/product\/atemvlies\/#breadcrumb","itemListElement":[{"@type":"ListItem","position":1,"name":"Home","item":"https:\/\/www.kwabo.nl\/de\/"},{"@type":"ListItem","position":2,"name":"Atemvlies"}]},{"@type":"WebSite","@id":"https:\/\/www.kwabo.nl\/#website","url":"https:\/\/www.kwabo.nl\/","name":"Kwabo","description":"Quality Covers","potentialAction":[{"@type":"SearchAction","target":{"@type":"EntryPoint","urlTemplate":"https:\/\/www.kwabo.nl\/?s={search_term_string}"},"query-input":{"@type":"PropertyValueSpecification","valueRequired":true,"valueName":"search_term_string"}}],"inLanguage":"de"}]}},"_links":{"self":[{"href":"https:\/\/www.kwabo.nl\/de\/wp-json\/wp\/v2\/product\/1536","targetHints":{"allow":["GET"]}}],"collection":[{"href":"https:\/\/www.kwabo.nl\/de\/wp-json\/wp\/v2\/product"}],"about":[{"href":"https:\/\/www.kwabo.nl\/de\/wp-json\/wp\/v2\/types\/product"}],"wp:attachment":[{"href":"https:\/\/www.kwabo.nl\/de\/wp-json\/wp\/v2\/media?parent=1536"}],"wp:term":[{"taxonomy":"product_category","embeddable":true,"href":"https:\/\/www.kwabo.nl\/de\/wp-json\/wp\/v2\/product_category?post=1536"},{"taxonomy":"product_filter","embeddable":true,"href":"https:\/\/www.kwabo.nl\/de\/wp-json\/wp\/v2\/product_filter?post=1536"}],"curies":[{"name":"wp","href":"https:\/\/api.w.org\/{rel}","templated":true}]}}