{"id":1541,"date":"2024-05-30T10:46:27","date_gmt":"2024-05-30T08:46:27","guid":{"rendered":"https:\/\/www.kwabo.nl\/product\/eco-greenboard\/"},"modified":"2025-04-22T11:01:41","modified_gmt":"2025-04-22T09:01:41","slug":"eco-greenboard","status":"publish","type":"product","link":"https:\/\/www.kwabo.nl\/de\/product\/eco-greenboard\/","title":{"rendered":"Eco Greenboard"},"template":"","product_category":[50],"product_filter":[51,49],"class_list":["post-1541","product","type-product","status-publish","hentry"],"acf":[],"yoast_head":"<!-- This site is optimized with the Yoast SEO Premium plugin v27.1 (Yoast SEO v27.5) - https:\/\/yoast.com\/product\/yoast-seo-premium-wordpress\/ -->\n<title>Greenboard Eco: Hohe Qualit\u00e4t &amp; Zuverl\u00e4ssig | Angebot<\/title>\n<meta name=\"description\" content=\"Greenboard sch\u00fctzt B\u00f6den in trockenen R\u00e4umen und ist eine recycelbare, umweltfreundliche Alternative. Fordern Sie jetzt Ihr Angebot an.\" \/>\n<meta name=\"robots\" content=\"index, follow, max-snippet:-1, max-image-preview:large, max-video-preview:-1\" \/>\n<link rel=\"canonical\" href=\"https:\/\/www.kwabo.nl\/de\/product\/eco-greenboard\/\" \/>\n<meta property=\"og:locale\" content=\"de_DE\" \/>\n<meta property=\"og:type\" content=\"article\" \/>\n<meta property=\"og:title\" content=\"Eco Greenboard\" \/>\n<meta property=\"og:description\" content=\"Greenboard sch\u00fctzt B\u00f6den in trockenen R\u00e4umen und ist eine recycelbare, umweltfreundliche Alternative. Fordern Sie jetzt Ihr Angebot an.\" \/>\n<meta property=\"og:url\" content=\"https:\/\/www.kwabo.nl\/de\/product\/eco-greenboard\/\" \/>\n<meta property=\"og:site_name\" content=\"Kwabo\" \/>\n<meta property=\"article:modified_time\" content=\"2025-04-22T09:01:41+00:00\" \/>\n<meta name=\"twitter:card\" content=\"summary_large_image\" \/>\n<script type=\"application\/ld+json\" class=\"yoast-schema-graph\">{\"@context\":\"https:\\\/\\\/schema.org\",\"@graph\":[{\"@type\":\"WebPage\",\"@id\":\"https:\\\/\\\/www.kwabo.nl\\\/de\\\/product\\\/eco-greenboard\\\/\",\"url\":\"https:\\\/\\\/www.kwabo.nl\\\/de\\\/product\\\/eco-greenboard\\\/\",\"name\":\"Greenboard Eco: Hohe Qualit\u00e4t & Zuverl\u00e4ssig | Angebot\",\"isPartOf\":{\"@id\":\"https:\\\/\\\/www.kwabo.nl\\\/#website\"},\"datePublished\":\"2024-05-30T08:46:27+00:00\",\"dateModified\":\"2025-04-22T09:01:41+00:00\",\"description\":\"Greenboard sch\u00fctzt B\u00f6den in trockenen R\u00e4umen und ist eine recycelbare, umweltfreundliche Alternative. Fordern Sie jetzt Ihr Angebot an.\",\"breadcrumb\":{\"@id\":\"https:\\\/\\\/www.kwabo.nl\\\/de\\\/product\\\/eco-greenboard\\\/#breadcrumb\"},\"inLanguage\":\"de\",\"potentialAction\":[{\"@type\":\"ReadAction\",\"target\":[\"https:\\\/\\\/www.kwabo.nl\\\/de\\\/product\\\/eco-greenboard\\\/\"]}]},{\"@type\":\"BreadcrumbList\",\"@id\":\"https:\\\/\\\/www.kwabo.nl\\\/de\\\/product\\\/eco-greenboard\\\/#breadcrumb\",\"itemListElement\":[{\"@type\":\"ListItem\",\"position\":1,\"name\":\"Home\",\"item\":\"https:\\\/\\\/www.kwabo.nl\\\/de\\\/\"},{\"@type\":\"ListItem\",\"position\":2,\"name\":\"Eco Greenboard\"}]},{\"@type\":\"WebSite\",\"@id\":\"https:\\\/\\\/www.kwabo.nl\\\/#website\",\"url\":\"https:\\\/\\\/www.kwabo.nl\\\/\",\"name\":\"Kwabo\",\"description\":\"Quality Covers\",\"potentialAction\":[{\"@type\":\"SearchAction\",\"target\":{\"@type\":\"EntryPoint\",\"urlTemplate\":\"https:\\\/\\\/www.kwabo.nl\\\/?s={search_term_string}\"},\"query-input\":{\"@type\":\"PropertyValueSpecification\",\"valueRequired\":true,\"valueName\":\"search_term_string\"}}],\"inLanguage\":\"de\"}]}<\/script>\n<!-- \/ Yoast SEO Premium plugin. -->","yoast_head_json":{"title":"Greenboard Eco: Hohe Qualit\u00e4t & Zuverl\u00e4ssig | Angebot","description":"Greenboard sch\u00fctzt B\u00f6den in trockenen R\u00e4umen und ist eine recycelbare, umweltfreundliche Alternative. Fordern Sie jetzt Ihr Angebot an.","robots":{"index":"index","follow":"follow","max-snippet":"max-snippet:-1","max-image-preview":"max-image-preview:large","max-video-preview":"max-video-preview:-1"},"canonical":"https:\/\/www.kwabo.nl\/de\/product\/eco-greenboard\/","og_locale":"de_DE","og_type":"article","og_title":"Eco Greenboard","og_description":"Greenboard sch\u00fctzt B\u00f6den in trockenen R\u00e4umen und ist eine recycelbare, umweltfreundliche Alternative. Fordern Sie jetzt Ihr Angebot an.","og_url":"https:\/\/www.kwabo.nl\/de\/product\/eco-greenboard\/","og_site_name":"Kwabo","article_modified_time":"2025-04-22T09:01:41+00:00","twitter_card":"summary_large_image","schema":{"@context":"https:\/\/schema.org","@graph":[{"@type":"WebPage","@id":"https:\/\/www.kwabo.nl\/de\/product\/eco-greenboard\/","url":"https:\/\/www.kwabo.nl\/de\/product\/eco-greenboard\/","name":"Greenboard Eco: Hohe Qualit\u00e4t & Zuverl\u00e4ssig | Angebot","isPartOf":{"@id":"https:\/\/www.kwabo.nl\/#website"},"datePublished":"2024-05-30T08:46:27+00:00","dateModified":"2025-04-22T09:01:41+00:00","description":"Greenboard sch\u00fctzt B\u00f6den in trockenen R\u00e4umen und ist eine recycelbare, umweltfreundliche Alternative. Fordern Sie jetzt Ihr Angebot an.","breadcrumb":{"@id":"https:\/\/www.kwabo.nl\/de\/product\/eco-greenboard\/#breadcrumb"},"inLanguage":"de","potentialAction":[{"@type":"ReadAction","target":["https:\/\/www.kwabo.nl\/de\/product\/eco-greenboard\/"]}]},{"@type":"BreadcrumbList","@id":"https:\/\/www.kwabo.nl\/de\/product\/eco-greenboard\/#breadcrumb","itemListElement":[{"@type":"ListItem","position":1,"name":"Home","item":"https:\/\/www.kwabo.nl\/de\/"},{"@type":"ListItem","position":2,"name":"Eco Greenboard"}]},{"@type":"WebSite","@id":"https:\/\/www.kwabo.nl\/#website","url":"https:\/\/www.kwabo.nl\/","name":"Kwabo","description":"Quality Covers","potentialAction":[{"@type":"SearchAction","target":{"@type":"EntryPoint","urlTemplate":"https:\/\/www.kwabo.nl\/?s={search_term_string}"},"query-input":{"@type":"PropertyValueSpecification","valueRequired":true,"valueName":"search_term_string"}}],"inLanguage":"de"}]}},"_links":{"self":[{"href":"https:\/\/www.kwabo.nl\/de\/wp-json\/wp\/v2\/product\/1541","targetHints":{"allow":["GET"]}}],"collection":[{"href":"https:\/\/www.kwabo.nl\/de\/wp-json\/wp\/v2\/product"}],"about":[{"href":"https:\/\/www.kwabo.nl\/de\/wp-json\/wp\/v2\/types\/product"}],"wp:attachment":[{"href":"https:\/\/www.kwabo.nl\/de\/wp-json\/wp\/v2\/media?parent=1541"}],"wp:term":[{"taxonomy":"product_category","embeddable":true,"href":"https:\/\/www.kwabo.nl\/de\/wp-json\/wp\/v2\/product_category?post=1541"},{"taxonomy":"product_filter","embeddable":true,"href":"https:\/\/www.kwabo.nl\/de\/wp-json\/wp\/v2\/product_filter?post=1541"}],"curies":[{"name":"wp","href":"https:\/\/api.w.org\/{rel}","templated":true}]}}