{"id":1858,"date":"2025-01-21T15:33:41","date_gmt":"2025-01-21T14:33:41","guid":{"rendered":"https:\/\/www.kwabo.nl\/?post_type=product&#038;p=1858"},"modified":"2025-05-20T16:19:32","modified_gmt":"2025-05-20T14:19:32","slug":"softbreath-diffusionsoffen","status":"publish","type":"product","link":"https:\/\/www.kwabo.nl\/de\/product\/softbreath-diffusionsoffen\/","title":{"rendered":"Softbreath Diffusionsoffen Vlies"},"template":"","product_category":[47],"product_filter":[48,46,44],"class_list":["post-1858","product","type-product","status-publish","hentry"],"acf":[],"yoast_head":"<!-- This site is optimized with the Yoast SEO Premium plugin v27.1 (Yoast SEO v27.3) - https:\/\/yoast.com\/product\/yoast-seo-premium-wordpress\/ -->\n<title>Diffusionsoffen Vlies: Sicher &amp; Hochwertig | Angebot<\/title>\n<meta name=\"description\" content=\"Diffusionsoffen Vlies erm\u00f6glicht selbstklebendes, atmungsaktives Abdeckmaterial und sch\u00fctzt zuverl\u00e4ssig vor Feuchtigkeit. Angebot anfordern!\" \/>\n<meta name=\"robots\" content=\"index, follow, max-snippet:-1, max-image-preview:large, max-video-preview:-1\" \/>\n<link rel=\"canonical\" href=\"https:\/\/www.kwabo.nl\/de\/product\/softbreath-diffusionsoffen\/\" \/>\n<meta property=\"og:locale\" content=\"de_DE\" \/>\n<meta property=\"og:type\" content=\"article\" \/>\n<meta property=\"og:title\" content=\"Softbreath Diffusionsoffen Vlies\" \/>\n<meta property=\"og:description\" content=\"Diffusionsoffen Vlies erm\u00f6glicht selbstklebendes, atmungsaktives Abdeckmaterial und sch\u00fctzt zuverl\u00e4ssig vor Feuchtigkeit. Angebot anfordern!\" \/>\n<meta property=\"og:url\" content=\"https:\/\/www.kwabo.nl\/de\/product\/softbreath-diffusionsoffen\/\" \/>\n<meta property=\"og:site_name\" content=\"Kwabo\" \/>\n<meta property=\"article:modified_time\" content=\"2025-05-20T14:19:32+00:00\" \/>\n<meta name=\"twitter:card\" content=\"summary_large_image\" \/>\n<script type=\"application\/ld+json\" class=\"yoast-schema-graph\">{\"@context\":\"https:\\\/\\\/schema.org\",\"@graph\":[{\"@type\":\"WebPage\",\"@id\":\"https:\\\/\\\/www.kwabo.nl\\\/de\\\/product\\\/softbreath-diffusionsoffen\\\/\",\"url\":\"https:\\\/\\\/www.kwabo.nl\\\/de\\\/product\\\/softbreath-diffusionsoffen\\\/\",\"name\":\"Diffusionsoffen Vlies: Sicher & Hochwertig | Angebot\",\"isPartOf\":{\"@id\":\"https:\\\/\\\/www.kwabo.nl\\\/#website\"},\"datePublished\":\"2025-01-21T14:33:41+00:00\",\"dateModified\":\"2025-05-20T14:19:32+00:00\",\"description\":\"Diffusionsoffen Vlies erm\u00f6glicht selbstklebendes, atmungsaktives Abdeckmaterial und sch\u00fctzt zuverl\u00e4ssig vor Feuchtigkeit. Angebot anfordern!\",\"breadcrumb\":{\"@id\":\"https:\\\/\\\/www.kwabo.nl\\\/de\\\/product\\\/softbreath-diffusionsoffen\\\/#breadcrumb\"},\"inLanguage\":\"de\",\"potentialAction\":[{\"@type\":\"ReadAction\",\"target\":[\"https:\\\/\\\/www.kwabo.nl\\\/de\\\/product\\\/softbreath-diffusionsoffen\\\/\"]}]},{\"@type\":\"BreadcrumbList\",\"@id\":\"https:\\\/\\\/www.kwabo.nl\\\/de\\\/product\\\/softbreath-diffusionsoffen\\\/#breadcrumb\",\"itemListElement\":[{\"@type\":\"ListItem\",\"position\":1,\"name\":\"Home\",\"item\":\"https:\\\/\\\/www.kwabo.nl\\\/de\\\/\"},{\"@type\":\"ListItem\",\"position\":2,\"name\":\"Softbreath Diffusionsoffen Vlies\"}]},{\"@type\":\"WebSite\",\"@id\":\"https:\\\/\\\/www.kwabo.nl\\\/#website\",\"url\":\"https:\\\/\\\/www.kwabo.nl\\\/\",\"name\":\"Kwabo\",\"description\":\"Quality Covers\",\"potentialAction\":[{\"@type\":\"SearchAction\",\"target\":{\"@type\":\"EntryPoint\",\"urlTemplate\":\"https:\\\/\\\/www.kwabo.nl\\\/?s={search_term_string}\"},\"query-input\":{\"@type\":\"PropertyValueSpecification\",\"valueRequired\":true,\"valueName\":\"search_term_string\"}}],\"inLanguage\":\"de\"}]}<\/script>\n<!-- \/ Yoast SEO Premium plugin. -->","yoast_head_json":{"title":"Diffusionsoffen Vlies: Sicher & Hochwertig | Angebot","description":"Diffusionsoffen Vlies erm\u00f6glicht selbstklebendes, atmungsaktives Abdeckmaterial und sch\u00fctzt zuverl\u00e4ssig vor Feuchtigkeit. Angebot anfordern!","robots":{"index":"index","follow":"follow","max-snippet":"max-snippet:-1","max-image-preview":"max-image-preview:large","max-video-preview":"max-video-preview:-1"},"canonical":"https:\/\/www.kwabo.nl\/de\/product\/softbreath-diffusionsoffen\/","og_locale":"de_DE","og_type":"article","og_title":"Softbreath Diffusionsoffen Vlies","og_description":"Diffusionsoffen Vlies erm\u00f6glicht selbstklebendes, atmungsaktives Abdeckmaterial und sch\u00fctzt zuverl\u00e4ssig vor Feuchtigkeit. Angebot anfordern!","og_url":"https:\/\/www.kwabo.nl\/de\/product\/softbreath-diffusionsoffen\/","og_site_name":"Kwabo","article_modified_time":"2025-05-20T14:19:32+00:00","twitter_card":"summary_large_image","schema":{"@context":"https:\/\/schema.org","@graph":[{"@type":"WebPage","@id":"https:\/\/www.kwabo.nl\/de\/product\/softbreath-diffusionsoffen\/","url":"https:\/\/www.kwabo.nl\/de\/product\/softbreath-diffusionsoffen\/","name":"Diffusionsoffen Vlies: Sicher & Hochwertig | Angebot","isPartOf":{"@id":"https:\/\/www.kwabo.nl\/#website"},"datePublished":"2025-01-21T14:33:41+00:00","dateModified":"2025-05-20T14:19:32+00:00","description":"Diffusionsoffen Vlies erm\u00f6glicht selbstklebendes, atmungsaktives Abdeckmaterial und sch\u00fctzt zuverl\u00e4ssig vor Feuchtigkeit. Angebot anfordern!","breadcrumb":{"@id":"https:\/\/www.kwabo.nl\/de\/product\/softbreath-diffusionsoffen\/#breadcrumb"},"inLanguage":"de","potentialAction":[{"@type":"ReadAction","target":["https:\/\/www.kwabo.nl\/de\/product\/softbreath-diffusionsoffen\/"]}]},{"@type":"BreadcrumbList","@id":"https:\/\/www.kwabo.nl\/de\/product\/softbreath-diffusionsoffen\/#breadcrumb","itemListElement":[{"@type":"ListItem","position":1,"name":"Home","item":"https:\/\/www.kwabo.nl\/de\/"},{"@type":"ListItem","position":2,"name":"Softbreath Diffusionsoffen Vlies"}]},{"@type":"WebSite","@id":"https:\/\/www.kwabo.nl\/#website","url":"https:\/\/www.kwabo.nl\/","name":"Kwabo","description":"Quality Covers","potentialAction":[{"@type":"SearchAction","target":{"@type":"EntryPoint","urlTemplate":"https:\/\/www.kwabo.nl\/?s={search_term_string}"},"query-input":{"@type":"PropertyValueSpecification","valueRequired":true,"valueName":"search_term_string"}}],"inLanguage":"de"}]}},"_links":{"self":[{"href":"https:\/\/www.kwabo.nl\/de\/wp-json\/wp\/v2\/product\/1858","targetHints":{"allow":["GET"]}}],"collection":[{"href":"https:\/\/www.kwabo.nl\/de\/wp-json\/wp\/v2\/product"}],"about":[{"href":"https:\/\/www.kwabo.nl\/de\/wp-json\/wp\/v2\/types\/product"}],"wp:attachment":[{"href":"https:\/\/www.kwabo.nl\/de\/wp-json\/wp\/v2\/media?parent=1858"}],"wp:term":[{"taxonomy":"product_category","embeddable":true,"href":"https:\/\/www.kwabo.nl\/de\/wp-json\/wp\/v2\/product_category?post=1858"},{"taxonomy":"product_filter","embeddable":true,"href":"https:\/\/www.kwabo.nl\/de\/wp-json\/wp\/v2\/product_filter?post=1858"}],"curies":[{"name":"wp","href":"https:\/\/api.w.org\/{rel}","templated":true}]}}